{"id":5158,"date":"2026-04-24T19:18:14","date_gmt":"2026-04-24T19:18:14","guid":{"rendered":"https:\/\/ironmoto.lt\/store\/product\/priekine-zvaigzdute-jt-jtf432-15-15z-dydis-520-jtf432-15\/"},"modified":"2026-04-24T19:18:14","modified_gmt":"2026-04-24T19:18:14","slug":"priekine-zvaigzdute-jt-jtf432-15-15z-dydis-520-jtf432-15","status":"publish","type":"product","link":"https:\/\/ironmoto.lt\/store\/product\/priekine-zvaigzdute-jt-jtf432-15-15z-dydis-520-jtf432-15\/","title":{"rendered":"Priekin\u0117 \u017evaig\u017edut\u0117 JT JTF432.15, 15z dydis 520 &#8211; JTF432.15"},"content":{"rendered":"","protected":false},"excerpt":{"rendered":"","protected":false},"featured_media":5157,"comment_status":"open","ping_status":"closed","template":"","meta":[],"product_brand":[],"product_cat":[717],"product_tag":[],"class_list":{"0":"post-5158","1":"product","2":"type-product","3":"status-publish","4":"has-post-thumbnail","6":"product_cat-grandines-ir-zvaigzdes","8":"first","9":"onbackorder","10":"shipping-taxable","11":"purchasable","12":"product-type-simple"},"_links":{"self":[{"href":"https:\/\/ironmoto.lt\/store\/wp-json\/wp\/v2\/product\/5158","targetHints":{"allow":["GET"]}}],"collection":[{"href":"https:\/\/ironmoto.lt\/store\/wp-json\/wp\/v2\/product"}],"about":[{"href":"https:\/\/ironmoto.lt\/store\/wp-json\/wp\/v2\/types\/product"}],"replies":[{"embeddable":true,"href":"https:\/\/ironmoto.lt\/store\/wp-json\/wp\/v2\/comments?post=5158"}],"wp:featuredmedia":[{"embeddable":true,"href":"https:\/\/ironmoto.lt\/store\/wp-json\/wp\/v2\/media\/5157"}],"wp:attachment":[{"href":"https:\/\/ironmoto.lt\/store\/wp-json\/wp\/v2\/media?parent=5158"}],"wp:term":[{"taxonomy":"product_brand","embeddable":true,"href":"https:\/\/ironmoto.lt\/store\/wp-json\/wp\/v2\/product_brand?post=5158"},{"taxonomy":"product_cat","embeddable":true,"href":"https:\/\/ironmoto.lt\/store\/wp-json\/wp\/v2\/product_cat?post=5158"},{"taxonomy":"product_tag","embeddable":true,"href":"https:\/\/ironmoto.lt\/store\/wp-json\/wp\/v2\/product_tag?post=5158"}],"curies":[{"name":"wp","href":"https:\/\/api.w.org\/{rel}","templated":true}]}}