{"id":4251,"date":"2026-04-05T10:23:53","date_gmt":"2026-04-05T10:23:53","guid":{"rendered":"https:\/\/ironmoto.lt\/store\/product\/hiflofiltro-oro-filtras-hff2021\/"},"modified":"2026-04-06T20:43:20","modified_gmt":"2026-04-06T20:43:20","slug":"hiflofiltro-oro-filtras-hff2021","status":"publish","type":"product","link":"https:\/\/ironmoto.lt\/store\/product\/hiflofiltro-oro-filtras-hff2021\/","title":{"rendered":"HifloFiltro HFF2021 oro filtras"},"content":{"rendered":"<p>HifloFiltro HFF2021 oro filtras. Padeda palaikyti \u0161var\u0173 oro sraut\u0105 ir stabil\u0173 variklio darb\u0105.<\/p>\n<ul>\n<li><strong>Gamintojas:<\/strong> HifloFiltro<\/li>\n<li><strong>Kategorija:<\/strong> Filtrai<\/li>\n<li><strong>Kodas:<\/strong> HFF2021<\/li>\n<li><strong>Prieinamumas:<\/strong> Prek\u0117 u\u017esakoma pagal tiek\u0117jo sand\u0117l\u012f.<\/li>\n<\/ul>\n","protected":false},"excerpt":{"rendered":"<p>HifloFiltro HFF2021 oro filtras. Padeda palaikyti \u0161var\u0173 oro sraut\u0105 ir stabil\u0173 variklio darb\u0105.<\/p>\n","protected":false},"featured_media":4977,"comment_status":"open","ping_status":"closed","template":"","meta":[],"product_brand":[],"product_cat":[434],"product_tag":[],"class_list":{"0":"post-4251","1":"product","2":"type-product","3":"status-publish","4":"has-post-thumbnail","6":"product_cat-filtrai-dalys","8":"first","9":"onbackorder","10":"sale","11":"shipping-taxable","12":"purchasable","13":"product-type-simple"},"_links":{"self":[{"href":"https:\/\/ironmoto.lt\/store\/wp-json\/wp\/v2\/product\/4251","targetHints":{"allow":["GET"]}}],"collection":[{"href":"https:\/\/ironmoto.lt\/store\/wp-json\/wp\/v2\/product"}],"about":[{"href":"https:\/\/ironmoto.lt\/store\/wp-json\/wp\/v2\/types\/product"}],"replies":[{"embeddable":true,"href":"https:\/\/ironmoto.lt\/store\/wp-json\/wp\/v2\/comments?post=4251"}],"wp:featuredmedia":[{"embeddable":true,"href":"https:\/\/ironmoto.lt\/store\/wp-json\/wp\/v2\/media\/4977"}],"wp:attachment":[{"href":"https:\/\/ironmoto.lt\/store\/wp-json\/wp\/v2\/media?parent=4251"}],"wp:term":[{"taxonomy":"product_brand","embeddable":true,"href":"https:\/\/ironmoto.lt\/store\/wp-json\/wp\/v2\/product_brand?post=4251"},{"taxonomy":"product_cat","embeddable":true,"href":"https:\/\/ironmoto.lt\/store\/wp-json\/wp\/v2\/product_cat?post=4251"},{"taxonomy":"product_tag","embeddable":true,"href":"https:\/\/ironmoto.lt\/store\/wp-json\/wp\/v2\/product_tag?post=4251"}],"curies":[{"name":"wp","href":"https:\/\/api.w.org\/{rel}","templated":true}]}}