{"id":3949,"date":"2026-04-05T10:18:16","date_gmt":"2026-04-05T10:18:16","guid":{"rendered":"https:\/\/ironmoto.lt\/store\/product\/hiflofiltro-hfa-4111-oro-filtras\/"},"modified":"2026-04-06T20:43:26","modified_gmt":"2026-04-06T20:43:26","slug":"hiflofiltro-hfa-4111-oro-filtras","status":"publish","type":"product","link":"https:\/\/ironmoto.lt\/store\/product\/hiflofiltro-hfa-4111-oro-filtras\/","title":{"rendered":"HifloFiltro HFA 4111 oro filtras"},"content":{"rendered":"<p>HifloFiltro HFA 4111 oro filtras. Padeda palaikyti \u0161var\u0173 oro sraut\u0105 ir stabil\u0173 variklio darb\u0105.<\/p>\n<ul>\n<li><strong>Gamintojas:<\/strong> HifloFiltro<\/li>\n<li><strong>Kategorija:<\/strong> Oro filtrai<\/li>\n<li><strong>Kodas:<\/strong> HFA 4111<\/li>\n<li><strong>Prieinamumas:<\/strong> Prek\u0117 u\u017esakoma pagal tiek\u0117jo sand\u0117l\u012f.<\/li>\n<\/ul>\n","protected":false},"excerpt":{"rendered":"<p>HifloFiltro HFA 4111 oro filtras. Padeda palaikyti \u0161var\u0173 oro sraut\u0105 ir stabil\u0173 variklio darb\u0105.<\/p>\n","protected":false},"featured_media":4777,"comment_status":"open","ping_status":"closed","template":"","meta":[],"product_brand":[],"product_cat":[435],"product_tag":[],"class_list":{"0":"post-3949","1":"product","2":"type-product","3":"status-publish","4":"has-post-thumbnail","6":"product_cat-oro-filtrai-filtrai-dalys","8":"first","9":"onbackorder","10":"sale","11":"shipping-taxable","12":"purchasable","13":"product-type-simple"},"_links":{"self":[{"href":"https:\/\/ironmoto.lt\/store\/wp-json\/wp\/v2\/product\/3949","targetHints":{"allow":["GET"]}}],"collection":[{"href":"https:\/\/ironmoto.lt\/store\/wp-json\/wp\/v2\/product"}],"about":[{"href":"https:\/\/ironmoto.lt\/store\/wp-json\/wp\/v2\/types\/product"}],"replies":[{"embeddable":true,"href":"https:\/\/ironmoto.lt\/store\/wp-json\/wp\/v2\/comments?post=3949"}],"wp:featuredmedia":[{"embeddable":true,"href":"https:\/\/ironmoto.lt\/store\/wp-json\/wp\/v2\/media\/4777"}],"wp:attachment":[{"href":"https:\/\/ironmoto.lt\/store\/wp-json\/wp\/v2\/media?parent=3949"}],"wp:term":[{"taxonomy":"product_brand","embeddable":true,"href":"https:\/\/ironmoto.lt\/store\/wp-json\/wp\/v2\/product_brand?post=3949"},{"taxonomy":"product_cat","embeddable":true,"href":"https:\/\/ironmoto.lt\/store\/wp-json\/wp\/v2\/product_cat?post=3949"},{"taxonomy":"product_tag","embeddable":true,"href":"https:\/\/ironmoto.lt\/store\/wp-json\/wp\/v2\/product_tag?post=3949"}],"curies":[{"name":"wp","href":"https:\/\/api.w.org\/{rel}","templated":true}]}}