{"id":3288,"date":"2026-04-05T10:01:22","date_gmt":"2026-04-05T10:01:22","guid":{"rendered":"https:\/\/ironmoto.lt\/store\/product\/hiflofiltro-hf-303-c-chromuotas-alyvos-filtras-honda-kawasaki-yamaha-polaris\/"},"modified":"2026-04-06T20:43:34","modified_gmt":"2026-04-06T20:43:34","slug":"hiflofiltro-hf-303-c-chromuotas-alyvos-filtras-honda-kawasaki-yamaha-polaris","status":"publish","type":"product","link":"https:\/\/ironmoto.lt\/store\/product\/hiflofiltro-hf-303-c-chromuotas-alyvos-filtras-honda-kawasaki-yamaha-polaris\/","title":{"rendered":"HifloFiltro HF 303 C chromuotas alyvos filtras"},"content":{"rendered":"<p>HifloFiltro HF 303 C chromuotas alyvos filtras. Padeda sulaikyti ne\u0161varumus tepimo sistemoje ir palaikyti tvarking\u0105 variklio darb\u0105.<\/p>\n<ul>\n<li><strong>Gamintojas:<\/strong> HifloFiltro<\/li>\n<li><strong>Kategorija:<\/strong> Alyvos filtrai<\/li>\n<li><strong>Kodas:<\/strong> HF 303<\/li>\n<li><strong>Prieinamumas:<\/strong> Prek\u0117 u\u017esakoma pagal tiek\u0117jo sand\u0117l\u012f.<\/li>\n<\/ul>\n","protected":false},"excerpt":{"rendered":"<p>HifloFiltro HF 303 C chromuotas alyvos filtras. Padeda sulaikyti ne\u0161varumus tepimo sistemoje ir palaikyti tvarking\u0105 variklio darb\u0105.<\/p>\n","protected":false},"featured_media":4472,"comment_status":"open","ping_status":"closed","template":"","meta":[],"product_brand":[],"product_cat":[727],"product_tag":[],"class_list":{"0":"post-3288","1":"product","2":"type-product","3":"status-publish","4":"has-post-thumbnail","6":"product_cat-alyvos-filtrai-filtrai-dalys","8":"first","9":"onbackorder","10":"sale","11":"shipping-taxable","12":"purchasable","13":"product-type-simple"},"_links":{"self":[{"href":"https:\/\/ironmoto.lt\/store\/wp-json\/wp\/v2\/product\/3288","targetHints":{"allow":["GET"]}}],"collection":[{"href":"https:\/\/ironmoto.lt\/store\/wp-json\/wp\/v2\/product"}],"about":[{"href":"https:\/\/ironmoto.lt\/store\/wp-json\/wp\/v2\/types\/product"}],"replies":[{"embeddable":true,"href":"https:\/\/ironmoto.lt\/store\/wp-json\/wp\/v2\/comments?post=3288"}],"wp:featuredmedia":[{"embeddable":true,"href":"https:\/\/ironmoto.lt\/store\/wp-json\/wp\/v2\/media\/4472"}],"wp:attachment":[{"href":"https:\/\/ironmoto.lt\/store\/wp-json\/wp\/v2\/media?parent=3288"}],"wp:term":[{"taxonomy":"product_brand","embeddable":true,"href":"https:\/\/ironmoto.lt\/store\/wp-json\/wp\/v2\/product_brand?post=3288"},{"taxonomy":"product_cat","embeddable":true,"href":"https:\/\/ironmoto.lt\/store\/wp-json\/wp\/v2\/product_cat?post=3288"},{"taxonomy":"product_tag","embeddable":true,"href":"https:\/\/ironmoto.lt\/store\/wp-json\/wp\/v2\/product_tag?post=3288"}],"curies":[{"name":"wp","href":"https:\/\/api.w.org\/{rel}","templated":true}]}}