{"id":2862,"date":"2026-04-05T07:54:05","date_gmt":"2026-04-05T07:54:05","guid":{"rendered":"https:\/\/ironmoto.lt\/store\/product\/motul-c3-bekeles-grandines-tepalas-400ml-102982\/"},"modified":"2026-04-06T20:43:36","modified_gmt":"2026-04-06T20:43:36","slug":"motul-c3-bekeles-grandines-tepalas-400ml-102982","status":"publish","type":"product","link":"https:\/\/ironmoto.lt\/store\/product\/motul-c3-bekeles-grandines-tepalas-400ml-102982\/","title":{"rendered":"Motul C3 bekel\u0117s grandin\u0117s tepalas 400 ml &#8211; 102982"},"content":{"rendered":"<p>Motul C3 bekel\u0117s grandin\u0117s tepalas 400 ml &#8211; 102982. Skirta kasdienei motociklo prie\u017ei\u016brai ir \u0161varai.<\/p>\n<ul>\n<li><strong>Gamintojas:<\/strong> Motul<\/li>\n<li><strong>Kategorija:<\/strong> Valymo ir prie\u017ei\u016bros priemon\u0117s<\/li>\n<li><strong>Kodas:<\/strong> 102982<\/li>\n<li><strong>Prieinamumas:<\/strong> Prek\u0117 u\u017esakoma pagal tiek\u0117jo sand\u0117l\u012f.<\/li>\n<\/ul>\n","protected":false},"excerpt":{"rendered":"<p>Motul C3 bekel\u0117s grandin\u0117s tepalas 400 ml &#8211; 102982. Skirta kasdienei motociklo prie\u017ei\u016brai ir \u0161varai.<\/p>\n","protected":false},"featured_media":2861,"comment_status":"open","ping_status":"closed","template":"","meta":[],"product_brand":[],"product_cat":[724],"product_tag":[],"class_list":{"0":"post-2862","1":"product","2":"type-product","3":"status-publish","4":"has-post-thumbnail","6":"product_cat-valymo-ir-prieziuros-priemones","8":"first","9":"onbackorder","10":"sale","11":"shipping-taxable","12":"purchasable","13":"product-type-simple"},"_links":{"self":[{"href":"https:\/\/ironmoto.lt\/store\/wp-json\/wp\/v2\/product\/2862","targetHints":{"allow":["GET"]}}],"collection":[{"href":"https:\/\/ironmoto.lt\/store\/wp-json\/wp\/v2\/product"}],"about":[{"href":"https:\/\/ironmoto.lt\/store\/wp-json\/wp\/v2\/types\/product"}],"replies":[{"embeddable":true,"href":"https:\/\/ironmoto.lt\/store\/wp-json\/wp\/v2\/comments?post=2862"}],"wp:featuredmedia":[{"embeddable":true,"href":"https:\/\/ironmoto.lt\/store\/wp-json\/wp\/v2\/media\/2861"}],"wp:attachment":[{"href":"https:\/\/ironmoto.lt\/store\/wp-json\/wp\/v2\/media?parent=2862"}],"wp:term":[{"taxonomy":"product_brand","embeddable":true,"href":"https:\/\/ironmoto.lt\/store\/wp-json\/wp\/v2\/product_brand?post=2862"},{"taxonomy":"product_cat","embeddable":true,"href":"https:\/\/ironmoto.lt\/store\/wp-json\/wp\/v2\/product_cat?post=2862"},{"taxonomy":"product_tag","embeddable":true,"href":"https:\/\/ironmoto.lt\/store\/wp-json\/wp\/v2\/product_tag?post=2862"}],"curies":[{"name":"wp","href":"https:\/\/api.w.org\/{rel}","templated":true}]}}