{"id":2855,"date":"2026-04-04T21:31:33","date_gmt":"2026-04-04T21:31:33","guid":{"rendered":"https:\/\/ironmoto.lt\/store\/product\/priekines-pakabos-sandarikliu-su-dangteliais-rinkinys-all-balls-41x53x8-56-129\/"},"modified":"2026-04-06T20:43:36","modified_gmt":"2026-04-06T20:43:36","slug":"priekines-pakabos-sandarikliu-su-dangteliais-rinkinys-all-balls-41x53x8-56-129","status":"publish","type":"product","link":"https:\/\/ironmoto.lt\/store\/product\/priekines-pakabos-sandarikliu-su-dangteliais-rinkinys-all-balls-41x53x8-56-129\/","title":{"rendered":"Priekin\u0117s pakabos sandarikli\u0173 su dangteliais rinkinys All Balls 41x53x8 &#8211; 56-129"},"content":{"rendered":"<p>Priekin\u0117s pakabos sandarikli\u0173 su dangteliais rinkinys All Balls 41x53x8 &#8211; 56-129. Padeda palaikyti priekin\u0117s pakabos sandarum\u0105 ir skland\u0173 darb\u0105.<\/p>\n<ul>\n<li><strong>Gamintojas:<\/strong> All Balls<\/li>\n<li><strong>Kategorija:<\/strong> Priekin\u0117s pakabos riebok\u0161liai<\/li>\n<li><strong>Kodas:<\/strong> 56-129<\/li>\n<li><strong>Prieinamumas:<\/strong> Prek\u0117 u\u017esakoma pagal tiek\u0117jo sand\u0117l\u012f.<\/li>\n<\/ul>\n","protected":false},"excerpt":{"rendered":"<p>Priekin\u0117s pakabos sandarikli\u0173 su dangteliais rinkinys All Balls 41x53x8 &#8211; 56-129. Padeda palaikyti priekin\u0117s pakabos sandarum\u0105 ir skland\u0173 darb\u0105.<\/p>\n","protected":false},"featured_media":2854,"comment_status":"open","ping_status":"closed","template":"","meta":[],"product_brand":[],"product_cat":[540],"product_tag":[],"class_list":{"0":"post-2855","1":"product","2":"type-product","3":"status-publish","4":"has-post-thumbnail","6":"product_cat-priekines-pakabos-rieboksliai","8":"first","9":"onbackorder","10":"sale","11":"shipping-taxable","12":"purchasable","13":"product-type-simple"},"_links":{"self":[{"href":"https:\/\/ironmoto.lt\/store\/wp-json\/wp\/v2\/product\/2855","targetHints":{"allow":["GET"]}}],"collection":[{"href":"https:\/\/ironmoto.lt\/store\/wp-json\/wp\/v2\/product"}],"about":[{"href":"https:\/\/ironmoto.lt\/store\/wp-json\/wp\/v2\/types\/product"}],"replies":[{"embeddable":true,"href":"https:\/\/ironmoto.lt\/store\/wp-json\/wp\/v2\/comments?post=2855"}],"wp:featuredmedia":[{"embeddable":true,"href":"https:\/\/ironmoto.lt\/store\/wp-json\/wp\/v2\/media\/2854"}],"wp:attachment":[{"href":"https:\/\/ironmoto.lt\/store\/wp-json\/wp\/v2\/media?parent=2855"}],"wp:term":[{"taxonomy":"product_brand","embeddable":true,"href":"https:\/\/ironmoto.lt\/store\/wp-json\/wp\/v2\/product_brand?post=2855"},{"taxonomy":"product_cat","embeddable":true,"href":"https:\/\/ironmoto.lt\/store\/wp-json\/wp\/v2\/product_cat?post=2855"},{"taxonomy":"product_tag","embeddable":true,"href":"https:\/\/ironmoto.lt\/store\/wp-json\/wp\/v2\/product_tag?post=2855"}],"curies":[{"name":"wp","href":"https:\/\/api.w.org\/{rel}","templated":true}]}}