{"id":2636,"date":"2026-04-04T11:59:13","date_gmt":"2026-04-04T11:59:13","guid":{"rendered":"https:\/\/ironmoto.lt\/store\/product\/alyvos-filtras-ison-158-hf158-ison-158\/"},"modified":"2026-04-07T18:08:46","modified_gmt":"2026-04-07T18:08:46","slug":"alyvos-filtras-ison-158-hf158-ison-158","status":"publish","type":"product","link":"https:\/\/ironmoto.lt\/store\/product\/alyvos-filtras-ison-158-hf158-ison-158\/","title":{"rendered":"Ison 158 HF158 &#8211; ISON 158 alyvos filtras"},"content":{"rendered":"<p>Ison 158 HF158 &#8211; ISON 158 alyvos filtras. Padeda sulaikyti ne\u0161varumus tepimo sistemoje ir palaikyti tvarking\u0105 variklio darb\u0105.<\/p>\n<ul>\n<li><strong>Kategorija:<\/strong> Alyvos filtrai<\/li>\n<li><strong>Kodas:<\/strong> HF158<\/li>\n<li><strong>Prieinamumas:<\/strong> Prek\u0117 u\u017esakoma pagal tiek\u0117jo sand\u0117l\u012f.<\/li>\n<\/ul>\n","protected":false},"excerpt":{"rendered":"<p>Ison 158 HF158 &#8211; ISON 158 alyvos filtras. Padeda sulaikyti ne\u0161varumus tepimo sistemoje ir palaikyti tvarking\u0105 variklio darb\u0105.<\/p>\n","protected":false},"featured_media":0,"comment_status":"open","ping_status":"closed","template":"","meta":[],"product_brand":[],"product_cat":[727],"product_tag":[],"class_list":{"0":"post-2636","1":"product","2":"type-product","3":"status-publish","5":"product_cat-alyvos-filtrai-filtrai-dalys","7":"first","8":"onbackorder","9":"sale","10":"shipping-taxable","11":"purchasable","12":"product-type-simple"},"_links":{"self":[{"href":"https:\/\/ironmoto.lt\/store\/wp-json\/wp\/v2\/product\/2636","targetHints":{"allow":["GET"]}}],"collection":[{"href":"https:\/\/ironmoto.lt\/store\/wp-json\/wp\/v2\/product"}],"about":[{"href":"https:\/\/ironmoto.lt\/store\/wp-json\/wp\/v2\/types\/product"}],"replies":[{"embeddable":true,"href":"https:\/\/ironmoto.lt\/store\/wp-json\/wp\/v2\/comments?post=2636"}],"wp:attachment":[{"href":"https:\/\/ironmoto.lt\/store\/wp-json\/wp\/v2\/media?parent=2636"}],"wp:term":[{"taxonomy":"product_brand","embeddable":true,"href":"https:\/\/ironmoto.lt\/store\/wp-json\/wp\/v2\/product_brand?post=2636"},{"taxonomy":"product_cat","embeddable":true,"href":"https:\/\/ironmoto.lt\/store\/wp-json\/wp\/v2\/product_cat?post=2636"},{"taxonomy":"product_tag","embeddable":true,"href":"https:\/\/ironmoto.lt\/store\/wp-json\/wp\/v2\/product_tag?post=2636"}],"curies":[{"name":"wp","href":"https:\/\/api.w.org\/{rel}","templated":true}]}}