{"id":2612,"date":"2026-04-02T11:16:03","date_gmt":"2026-04-02T11:16:03","guid":{"rendered":"https:\/\/ironmoto.lt\/store\/product\/ismetimo-tarpiklis-jungiantis-hlp-35-43-29mm\/"},"modified":"2026-04-06T20:43:42","modified_gmt":"2026-04-06T20:43:42","slug":"ismetimo-tarpiklis-jungiantis-hlp-35-43-29mm","status":"publish","type":"product","link":"https:\/\/ironmoto.lt\/store\/product\/ismetimo-tarpiklis-jungiantis-hlp-35-43-29mm\/","title":{"rendered":"I\u0161metimo tarpiklis, jungiantis HLP 35-43-29mm"},"content":{"rendered":"<p>HLP jungiamoji i\u0161metimo tarpin\u0117<\/p>\n<ul>\n<li><strong>Gamintojas:<\/strong> HLP<\/li>\n<li><strong>Kategorija:<\/strong> Dalys &gt; I\u0161metimo sistema &gt; I\u0161metimo sistemos tarpin\u0117s &gt; I\u0161metimo sistemos jungties tarpin\u0117s<\/li>\n<li><strong>EAN:<\/strong> 5905295270853<\/li>\n<li><strong>Tiek\u0117jo kodas:<\/strong> 3038125<\/li>\n<li><strong>U\u017esakymas:<\/strong> prek\u0117 tiekiama pagal u\u017esakym\u0105, tod\u0117l rodoma kaip i\u0161ankstinis u\u017esakymas.<\/li>\n<\/ul>\n<p><a href=\"https:\/\/customer-reports.gmoto.pl\/image\/3038125\/17_1?sig=288dc5e48fa762b8471d81ccbccceba307c738884893765e8981784ccbcae596\" target=\"_blank\" rel=\"noopener\">Per\u017ei\u016br\u0117ti tiek\u0117jo nuotrauk\u0105<\/a><\/p>\n","protected":false},"excerpt":{"rendered":"<p>HLP jungiamoji i\u0161metimo tarpin\u0117 U\u017esakoma pagal tiek\u0117j\u0105.<\/p>\n","protected":false},"featured_media":0,"comment_status":"open","ping_status":"closed","template":"","meta":[],"product_brand":[],"product_cat":[720],"product_tag":[173],"class_list":{"0":"post-2612","1":"product","2":"type-product","3":"status-publish","5":"product_cat-tarpines","6":"product_tag-hlp","8":"first","9":"onbackorder","10":"sale","11":"shipping-taxable","12":"purchasable","13":"product-type-simple"},"_links":{"self":[{"href":"https:\/\/ironmoto.lt\/store\/wp-json\/wp\/v2\/product\/2612","targetHints":{"allow":["GET"]}}],"collection":[{"href":"https:\/\/ironmoto.lt\/store\/wp-json\/wp\/v2\/product"}],"about":[{"href":"https:\/\/ironmoto.lt\/store\/wp-json\/wp\/v2\/types\/product"}],"replies":[{"embeddable":true,"href":"https:\/\/ironmoto.lt\/store\/wp-json\/wp\/v2\/comments?post=2612"}],"wp:attachment":[{"href":"https:\/\/ironmoto.lt\/store\/wp-json\/wp\/v2\/media?parent=2612"}],"wp:term":[{"taxonomy":"product_brand","embeddable":true,"href":"https:\/\/ironmoto.lt\/store\/wp-json\/wp\/v2\/product_brand?post=2612"},{"taxonomy":"product_cat","embeddable":true,"href":"https:\/\/ironmoto.lt\/store\/wp-json\/wp\/v2\/product_cat?post=2612"},{"taxonomy":"product_tag","embeddable":true,"href":"https:\/\/ironmoto.lt\/store\/wp-json\/wp\/v2\/product_tag?post=2612"}],"curies":[{"name":"wp","href":"https:\/\/api.w.org\/{rel}","templated":true}]}}