{"id":2605,"date":"2026-04-02T11:15:54","date_gmt":"2026-04-02T11:15:54","guid":{"rendered":"https:\/\/ironmoto.lt\/store\/product\/cilindru-ir-galvutes-tarpikliai-magneti-marelli-mci0017\/"},"modified":"2026-04-06T20:43:42","modified_gmt":"2026-04-06T20:43:42","slug":"cilindru-ir-galvutes-tarpikliai-magneti-marelli-mci0017","status":"publish","type":"product","link":"https:\/\/ironmoto.lt\/store\/product\/cilindru-ir-galvutes-tarpikliai-magneti-marelli-mci0017\/","title":{"rendered":"Cilindr\u0173 ir galvut\u0117s tarpikliai Magneti Marelli MCI0017"},"content":{"rendered":"<p>Magneti Marelli cilindr\u0173 ir galvos tarpikliai<\/p>\n<ul>\n<li><strong>Gamintojas:<\/strong> Magneti Marelli<\/li>\n<li><strong>Kategorija:<\/strong> Dalys &gt; Variklis &gt; Cilindrai ir galvut\u0117s &gt; Tarpin\u0117s &gt; Vir\u0161utin\u0117s dalies tarpin\u0117s (Top End) &gt; Tarpin\u0117s<\/li>\n<li><strong>EAN:<\/strong> 8050947980363<\/li>\n<li><strong>Tiek\u0117jo kodas:<\/strong> 3009990<\/li>\n<li><strong>U\u017esakymas:<\/strong> prek\u0117 tiekiama pagal u\u017esakym\u0105, tod\u0117l rodoma kaip i\u0161ankstinis u\u017esakymas.<\/li>\n<\/ul>\n<p><a href=\"https:\/\/customer-reports.gmoto.pl\/image\/3009990\/17_1?sig=d1862dcc34f9e047795c6780aabcf2d336a768ad9f2cad4c9c2722bc1620280c\" target=\"_blank\" rel=\"noopener\">Per\u017ei\u016br\u0117ti tiek\u0117jo nuotrauk\u0105<\/a><\/p>\n","protected":false},"excerpt":{"rendered":"<p>Magneti Marelli cilindr\u0173 ir galvos tarpikliai U\u017esakoma pagal tiek\u0117j\u0105.<\/p>\n","protected":false},"featured_media":0,"comment_status":"open","ping_status":"closed","template":"","meta":[],"product_brand":[],"product_cat":[720],"product_tag":[537],"class_list":{"0":"post-2605","1":"product","2":"type-product","3":"status-publish","5":"product_cat-tarpines","6":"product_tag-magneti-marelli","8":"first","9":"onbackorder","10":"sale","11":"shipping-taxable","12":"purchasable","13":"product-type-simple"},"_links":{"self":[{"href":"https:\/\/ironmoto.lt\/store\/wp-json\/wp\/v2\/product\/2605","targetHints":{"allow":["GET"]}}],"collection":[{"href":"https:\/\/ironmoto.lt\/store\/wp-json\/wp\/v2\/product"}],"about":[{"href":"https:\/\/ironmoto.lt\/store\/wp-json\/wp\/v2\/types\/product"}],"replies":[{"embeddable":true,"href":"https:\/\/ironmoto.lt\/store\/wp-json\/wp\/v2\/comments?post=2605"}],"wp:attachment":[{"href":"https:\/\/ironmoto.lt\/store\/wp-json\/wp\/v2\/media?parent=2605"}],"wp:term":[{"taxonomy":"product_brand","embeddable":true,"href":"https:\/\/ironmoto.lt\/store\/wp-json\/wp\/v2\/product_brand?post=2605"},{"taxonomy":"product_cat","embeddable":true,"href":"https:\/\/ironmoto.lt\/store\/wp-json\/wp\/v2\/product_cat?post=2605"},{"taxonomy":"product_tag","embeddable":true,"href":"https:\/\/ironmoto.lt\/store\/wp-json\/wp\/v2\/product_tag?post=2605"}],"curies":[{"name":"wp","href":"https:\/\/api.w.org\/{rel}","templated":true}]}}