{"id":2598,"date":"2026-04-02T11:15:45","date_gmt":"2026-04-02T11:15:45","guid":{"rendered":"https:\/\/ironmoto.lt\/store\/product\/yuasa-6n4-2a-4-standartinis-6v-4ah-akumuliatorius\/"},"modified":"2026-04-06T20:43:42","modified_gmt":"2026-04-06T20:43:42","slug":"yuasa-6n4-2a-4-standartinis-6v-4ah-akumuliatorius","status":"publish","type":"product","link":"https:\/\/ironmoto.lt\/store\/product\/yuasa-6n4-2a-4-standartinis-6v-4ah-akumuliatorius\/","title":{"rendered":"Yuasa 6N4-2A-4 standartinis 6V 4Ah akumuliatorius"},"content":{"rendered":"<p>Yuasa 6N4-2A-4 standartinis akumuliatorius<\/p>\n<ul>\n<li><strong>Gamintojas:<\/strong> Yuasa<\/li>\n<li><strong>Kategorija:<\/strong> Dalys &gt; Elektra ir ap\u0161vietimas &gt; Akumuliatoriai<\/li>\n<li><strong>EAN:<\/strong> 5050694007125<\/li>\n<li><strong>Tiek\u0117jo kodas:<\/strong> 964<\/li>\n<li><strong>U\u017esakymas:<\/strong> prek\u0117 tiekiama pagal u\u017esakym\u0105, tod\u0117l rodoma kaip i\u0161ankstinis u\u017esakymas.<\/li>\n<\/ul>\n<p><a href=\"https:\/\/customer-reports.gmoto.pl\/image\/964\/17_1?sig=922fb324eb4e7c94a2e97f0e3378cc4809441cc9350fbb3c67e5598c98ba2989\" target=\"_blank\" rel=\"noopener\">Per\u017ei\u016br\u0117ti tiek\u0117jo nuotrauk\u0105<\/a><\/p>\n","protected":false},"excerpt":{"rendered":"<p>Yuasa 6N4-2A-4 standartinis akumuliatorius U\u017esakoma pagal tiek\u0117j\u0105.<\/p>\n","protected":false},"featured_media":0,"comment_status":"open","ping_status":"closed","template":"","meta":[],"product_brand":[],"product_cat":[721],"product_tag":[122],"class_list":{"0":"post-2598","1":"product","2":"type-product","3":"status-publish","5":"product_cat-akumuliatoriai-elektra-ir-elektronika","6":"product_tag-yuasa","8":"first","9":"onbackorder","10":"sale","11":"shipping-taxable","12":"purchasable","13":"product-type-simple"},"_links":{"self":[{"href":"https:\/\/ironmoto.lt\/store\/wp-json\/wp\/v2\/product\/2598","targetHints":{"allow":["GET"]}}],"collection":[{"href":"https:\/\/ironmoto.lt\/store\/wp-json\/wp\/v2\/product"}],"about":[{"href":"https:\/\/ironmoto.lt\/store\/wp-json\/wp\/v2\/types\/product"}],"replies":[{"embeddable":true,"href":"https:\/\/ironmoto.lt\/store\/wp-json\/wp\/v2\/comments?post=2598"}],"wp:attachment":[{"href":"https:\/\/ironmoto.lt\/store\/wp-json\/wp\/v2\/media?parent=2598"}],"wp:term":[{"taxonomy":"product_brand","embeddable":true,"href":"https:\/\/ironmoto.lt\/store\/wp-json\/wp\/v2\/product_brand?post=2598"},{"taxonomy":"product_cat","embeddable":true,"href":"https:\/\/ironmoto.lt\/store\/wp-json\/wp\/v2\/product_cat?post=2598"},{"taxonomy":"product_tag","embeddable":true,"href":"https:\/\/ironmoto.lt\/store\/wp-json\/wp\/v2\/product_tag?post=2598"}],"curies":[{"name":"wp","href":"https:\/\/api.w.org\/{rel}","templated":true}]}}