{"id":2555,"date":"2026-04-02T06:52:47","date_gmt":"2026-04-02T06:52:47","guid":{"rendered":"https:\/\/ironmoto.lt\/store\/product\/pirelli-angel-scooter-80-80-14-43s-tl-padanga\/"},"modified":"2026-04-06T20:43:43","modified_gmt":"2026-04-06T20:43:43","slug":"pirelli-angel-scooter-80-80-14-43s-tl-padanga","status":"publish","type":"product","link":"https:\/\/ironmoto.lt\/store\/product\/pirelli-angel-scooter-80-80-14-43s-tl-padanga\/","title":{"rendered":"Pirelli Angel Scooter 80\/80-14 43S TL padanga"},"content":{"rendered":"<p>Nauja garsaus Pirelli modelio Angel Scooter padanga<\/p>\n<ul>\n<li><strong>Gamintojas:<\/strong> Pirelli<\/li>\n<li><strong>Kategorija:<\/strong> Padangos &gt; Motorolerio &gt; Universalios<\/li>\n<li><strong>EAN:<\/strong> 8019227292572<\/li>\n<li><strong>Tiek\u0117jo kodas:<\/strong> 2945595<\/li>\n<li><strong>U\u017esakymas:<\/strong> prek\u0117 tiekiama pagal u\u017esakym\u0105, tod\u0117l rodoma kaip i\u0161ankstinis u\u017esakymas.<\/li>\n<\/ul>\n<p><a href=\"https:\/\/customer-reports.gmoto.pl\/image\/2945595\/17_1?sig=e2156856577df008c664d5892f4fbad0f053ad71f0a75263173964e7c22f4ba4\" target=\"_blank\" rel=\"noopener\">Per\u017ei\u016br\u0117ti tiek\u0117jo nuotrauk\u0105<\/a><\/p>\n","protected":false},"excerpt":{"rendered":"<p>Nauja garsaus Pirelli modelio Angel Scooter padanga U\u017esakoma pagal tiek\u0117j\u0105.<\/p>\n","protected":false},"featured_media":0,"comment_status":"open","ping_status":"closed","template":"","meta":[],"product_brand":[],"product_cat":[366],"product_tag":[71],"class_list":{"0":"post-2555","1":"product","2":"type-product","3":"status-publish","5":"product_cat-universalios-motorolerio-padangos-2","6":"product_tag-pirelli","8":"first","9":"onbackorder","10":"sale","11":"shipping-taxable","12":"purchasable","13":"product-type-simple"},"_links":{"self":[{"href":"https:\/\/ironmoto.lt\/store\/wp-json\/wp\/v2\/product\/2555","targetHints":{"allow":["GET"]}}],"collection":[{"href":"https:\/\/ironmoto.lt\/store\/wp-json\/wp\/v2\/product"}],"about":[{"href":"https:\/\/ironmoto.lt\/store\/wp-json\/wp\/v2\/types\/product"}],"replies":[{"embeddable":true,"href":"https:\/\/ironmoto.lt\/store\/wp-json\/wp\/v2\/comments?post=2555"}],"wp:attachment":[{"href":"https:\/\/ironmoto.lt\/store\/wp-json\/wp\/v2\/media?parent=2555"}],"wp:term":[{"taxonomy":"product_brand","embeddable":true,"href":"https:\/\/ironmoto.lt\/store\/wp-json\/wp\/v2\/product_brand?post=2555"},{"taxonomy":"product_cat","embeddable":true,"href":"https:\/\/ironmoto.lt\/store\/wp-json\/wp\/v2\/product_cat?post=2555"},{"taxonomy":"product_tag","embeddable":true,"href":"https:\/\/ironmoto.lt\/store\/wp-json\/wp\/v2\/product_tag?post=2555"}],"curies":[{"name":"wp","href":"https:\/\/api.w.org\/{rel}","templated":true}]}}