{"id":2553,"date":"2026-04-02T06:52:44","date_gmt":"2026-04-02T06:52:44","guid":{"rendered":"https:\/\/ironmoto.lt\/store\/product\/metzeler-roadtec-motorolerio-padanga-3-00-10-50j-tl\/"},"modified":"2026-04-06T20:43:43","modified_gmt":"2026-04-06T20:43:43","slug":"metzeler-roadtec-motorolerio-padanga-3-00-10-50j-tl","status":"publish","type":"product","link":"https:\/\/ironmoto.lt\/store\/product\/metzeler-roadtec-motorolerio-padanga-3-00-10-50j-tl\/","title":{"rendered":"Metzeler Roadtec motorolerio padanga 3.00-10 50J TL"},"content":{"rendered":"<p>Visi\u0161kai nauja garsaus Metzeler prek\u0117s \u017eenklo padanga, Roadtec Scooter modelis<\/p>\n<ul>\n<li><strong>Gamintojas:<\/strong> Metzeler<\/li>\n<li><strong>Kategorija:<\/strong> Padangos &gt; Motorolerio &gt; Universalios<\/li>\n<li><strong>EAN:<\/strong> 8019227384437<\/li>\n<li><strong>Tiek\u0117jo kodas:<\/strong> 2944777<\/li>\n<li><strong>U\u017esakymas:<\/strong> prek\u0117 tiekiama pagal u\u017esakym\u0105, tod\u0117l rodoma kaip i\u0161ankstinis u\u017esakymas.<\/li>\n<\/ul>\n<p><a href=\"https:\/\/customer-reports.gmoto.pl\/image\/2944777\/17_1?sig=e9f9f849268e464f888800abe32fdc3e7a7ad8b2672783a9c4f1a666aba84259\" target=\"_blank\" rel=\"noopener\">Per\u017ei\u016br\u0117ti tiek\u0117jo nuotrauk\u0105<\/a><\/p>\n","protected":false},"excerpt":{"rendered":"<p>Visi\u0161kai nauja garsaus Metzeler prek\u0117s \u017eenklo padanga, Roadtec Scooter modelis U\u017esakoma pagal tiek\u0117j\u0105.<\/p>\n","protected":false},"featured_media":0,"comment_status":"open","ping_status":"closed","template":"","meta":[],"product_brand":[],"product_cat":[366],"product_tag":[68],"class_list":{"0":"post-2553","1":"product","2":"type-product","3":"status-publish","5":"product_cat-universalios-motorolerio-padangos-2","6":"product_tag-metzeler","8":"first","9":"onbackorder","10":"sale","11":"shipping-taxable","12":"purchasable","13":"product-type-simple"},"_links":{"self":[{"href":"https:\/\/ironmoto.lt\/store\/wp-json\/wp\/v2\/product\/2553","targetHints":{"allow":["GET"]}}],"collection":[{"href":"https:\/\/ironmoto.lt\/store\/wp-json\/wp\/v2\/product"}],"about":[{"href":"https:\/\/ironmoto.lt\/store\/wp-json\/wp\/v2\/types\/product"}],"replies":[{"embeddable":true,"href":"https:\/\/ironmoto.lt\/store\/wp-json\/wp\/v2\/comments?post=2553"}],"wp:attachment":[{"href":"https:\/\/ironmoto.lt\/store\/wp-json\/wp\/v2\/media?parent=2553"}],"wp:term":[{"taxonomy":"product_brand","embeddable":true,"href":"https:\/\/ironmoto.lt\/store\/wp-json\/wp\/v2\/product_brand?post=2553"},{"taxonomy":"product_cat","embeddable":true,"href":"https:\/\/ironmoto.lt\/store\/wp-json\/wp\/v2\/product_cat?post=2553"},{"taxonomy":"product_tag","embeddable":true,"href":"https:\/\/ironmoto.lt\/store\/wp-json\/wp\/v2\/product_tag?post=2553"}],"curies":[{"name":"wp","href":"https:\/\/api.w.org\/{rel}","templated":true}]}}