{"id":2547,"date":"2026-04-02T06:52:36","date_gmt":"2026-04-02T06:52:36","guid":{"rendered":"https:\/\/ironmoto.lt\/store\/product\/pirelli-angel-motorolerio-padanga-80-90-10-44j-tl\/"},"modified":"2026-04-06T20:43:43","modified_gmt":"2026-04-06T20:43:43","slug":"pirelli-angel-motorolerio-padanga-80-90-10-44j-tl","status":"publish","type":"product","link":"https:\/\/ironmoto.lt\/store\/product\/pirelli-angel-motorolerio-padanga-80-90-10-44j-tl\/","title":{"rendered":"Pirelli Angel motorolerio padanga 80\/90-10 44J TL"},"content":{"rendered":"<p>Nauja garsaus Pirelli modelio Angel Scooter padanga<\/p>\n<ul>\n<li><strong>Gamintojas:<\/strong> Pirelli<\/li>\n<li><strong>Kategorija:<\/strong> Padangos &gt; Motorolerio &gt; Universalios<\/li>\n<li><strong>EAN:<\/strong> 8019227290349<\/li>\n<li><strong>Tiek\u0117jo kodas:<\/strong> 2945524<\/li>\n<li><strong>U\u017esakymas:<\/strong> prek\u0117 tiekiama pagal u\u017esakym\u0105, tod\u0117l rodoma kaip i\u0161ankstinis u\u017esakymas.<\/li>\n<\/ul>\n<p><a href=\"https:\/\/customer-reports.gmoto.pl\/image\/2945524\/17_1?sig=a0134a62b3086d29d3829c8aa0672a5bac0c1c721997242b79ae8a4dc109781b\" target=\"_blank\" rel=\"noopener\">Per\u017ei\u016br\u0117ti tiek\u0117jo nuotrauk\u0105<\/a><\/p>\n","protected":false},"excerpt":{"rendered":"<p>Nauja garsaus Pirelli modelio Angel Scooter padanga U\u017esakoma pagal tiek\u0117j\u0105.<\/p>\n","protected":false},"featured_media":0,"comment_status":"open","ping_status":"closed","template":"","meta":[],"product_brand":[],"product_cat":[366],"product_tag":[71],"class_list":{"0":"post-2547","1":"product","2":"type-product","3":"status-publish","5":"product_cat-universalios-motorolerio-padangos-2","6":"product_tag-pirelli","8":"first","9":"onbackorder","10":"sale","11":"shipping-taxable","12":"purchasable","13":"product-type-simple"},"_links":{"self":[{"href":"https:\/\/ironmoto.lt\/store\/wp-json\/wp\/v2\/product\/2547","targetHints":{"allow":["GET"]}}],"collection":[{"href":"https:\/\/ironmoto.lt\/store\/wp-json\/wp\/v2\/product"}],"about":[{"href":"https:\/\/ironmoto.lt\/store\/wp-json\/wp\/v2\/types\/product"}],"replies":[{"embeddable":true,"href":"https:\/\/ironmoto.lt\/store\/wp-json\/wp\/v2\/comments?post=2547"}],"wp:attachment":[{"href":"https:\/\/ironmoto.lt\/store\/wp-json\/wp\/v2\/media?parent=2547"}],"wp:term":[{"taxonomy":"product_brand","embeddable":true,"href":"https:\/\/ironmoto.lt\/store\/wp-json\/wp\/v2\/product_brand?post=2547"},{"taxonomy":"product_cat","embeddable":true,"href":"https:\/\/ironmoto.lt\/store\/wp-json\/wp\/v2\/product_cat?post=2547"},{"taxonomy":"product_tag","embeddable":true,"href":"https:\/\/ironmoto.lt\/store\/wp-json\/wp\/v2\/product_tag?post=2547"}],"curies":[{"name":"wp","href":"https:\/\/api.w.org\/{rel}","templated":true}]}}