{"id":2535,"date":"2026-04-02T06:52:15","date_gmt":"2026-04-02T06:52:15","guid":{"rendered":"https:\/\/ironmoto.lt\/store\/product\/pirelli-diablo-superbike-sc2-100-70r17-nhs-tl-priekine-padanga\/"},"modified":"2026-04-06T20:43:43","modified_gmt":"2026-04-06T20:43:43","slug":"pirelli-diablo-superbike-sc2-100-70r17-nhs-tl-priekine-padanga","status":"publish","type":"product","link":"https:\/\/ironmoto.lt\/store\/product\/pirelli-diablo-superbike-sc2-100-70r17-nhs-tl-priekine-padanga\/","title":{"rendered":"Pirelli Diablo Superbike SC2 100\/70R17 NHS TL priekin\u0117 padanga"},"content":{"rendered":"<p>Pirelli Diablo Superbike padanga &#8211; puikus pasirinkimas motociklininkams, siekiantiems maksimalaus na\u0161umo trasoje. D\u0117l pa\u017eangios gumos mi\u0161inio technologijos ir optimizuoto slydimo protektoriaus ji u\u017etikrina puik\u0173 sukibim\u0105, stabilum\u0105 ir tiksl\u0173 valdym\u0105.<\/p>\n<ul>\n<li><strong>Gamintojas:<\/strong> Pirelli<\/li>\n<li><strong>Kategorija:<\/strong> Padangos &gt; Plento (\u0161ose) &gt; Lenktynin\u0117s (trasai)<\/li>\n<li><strong>EAN:<\/strong> 8019227445800<\/li>\n<li><strong>Tiek\u0117jo kodas:<\/strong> 3042297<\/li>\n<li><strong>U\u017esakymas:<\/strong> prek\u0117 tiekiama pagal u\u017esakym\u0105, tod\u0117l rodoma kaip i\u0161ankstinis u\u017esakymas.<\/li>\n<\/ul>\n<p><a href=\"https:\/\/customer-reports.gmoto.pl\/image\/3042297\/17_1?sig=11d6bbd7e2ce5f5208e4f0cf859dfe22db19ddd4cacae5841bf9de901e354c2d\" target=\"_blank\" rel=\"noopener\">Per\u017ei\u016br\u0117ti tiek\u0117jo nuotrauk\u0105<\/a><\/p>\n","protected":false},"excerpt":{"rendered":"<p>Pirelli Diablo Superbike padanga &#8211; puikus pasirinkimas motociklininkams, siekiantiems maksimalaus na\u0161umo trasoje. D\u0117l pa\u017eangios gumos mi\u0161inio technologijos ir optimizuoto slydimo protektoriaus ji u\u017etikrina puik\u0173\u2026 U\u017esakoma pagal tiek\u0117j\u0105.<\/p>\n","protected":false},"featured_media":0,"comment_status":"open","ping_status":"closed","template":"","meta":[],"product_brand":[],"product_cat":[376],"product_tag":[71],"class_list":{"0":"post-2535","1":"product","2":"type-product","3":"status-publish","5":"product_cat-lenktynines-trasai-plento-sose-padangos-2","6":"product_tag-pirelli","8":"first","9":"onbackorder","10":"sale","11":"shipping-taxable","12":"purchasable","13":"product-type-simple"},"_links":{"self":[{"href":"https:\/\/ironmoto.lt\/store\/wp-json\/wp\/v2\/product\/2535","targetHints":{"allow":["GET"]}}],"collection":[{"href":"https:\/\/ironmoto.lt\/store\/wp-json\/wp\/v2\/product"}],"about":[{"href":"https:\/\/ironmoto.lt\/store\/wp-json\/wp\/v2\/types\/product"}],"replies":[{"embeddable":true,"href":"https:\/\/ironmoto.lt\/store\/wp-json\/wp\/v2\/comments?post=2535"}],"wp:attachment":[{"href":"https:\/\/ironmoto.lt\/store\/wp-json\/wp\/v2\/media?parent=2535"}],"wp:term":[{"taxonomy":"product_brand","embeddable":true,"href":"https:\/\/ironmoto.lt\/store\/wp-json\/wp\/v2\/product_brand?post=2535"},{"taxonomy":"product_cat","embeddable":true,"href":"https:\/\/ironmoto.lt\/store\/wp-json\/wp\/v2\/product_cat?post=2535"},{"taxonomy":"product_tag","embeddable":true,"href":"https:\/\/ironmoto.lt\/store\/wp-json\/wp\/v2\/product_tag?post=2535"}],"curies":[{"name":"wp","href":"https:\/\/api.w.org\/{rel}","templated":true}]}}