{"id":2529,"date":"2026-04-02T06:52:09","date_gmt":"2026-04-02T06:52:09","guid":{"rendered":"https:\/\/ironmoto.lt\/store\/product\/pirelli-scorpion-rally-str-170-60r17-72v-tl-padanga\/"},"modified":"2026-04-06T20:43:43","modified_gmt":"2026-04-06T20:43:43","slug":"pirelli-scorpion-rally-str-170-60r17-72v-tl-padanga","status":"publish","type":"product","link":"https:\/\/ironmoto.lt\/store\/product\/pirelli-scorpion-rally-str-170-60r17-72v-tl-padanga\/","title":{"rendered":"Pirelli Scorpion Rally STR 170\/60R17 72V TL padanga"},"content":{"rendered":"<p>Visi\u0161kai nauja \u017einomo prek\u0117s \u017eenklo Pirelli padanga, modelis Scorpion Rally STR<\/p>\n<ul>\n<li><strong>Gamintojas:<\/strong> Pirelli<\/li>\n<li><strong>Kategorija:<\/strong> Padangos &gt; Offroad &gt; Universalios padangos<\/li>\n<li><strong>EAN:<\/strong> 8019227280371<\/li>\n<li><strong>Tiek\u0117jo kodas:<\/strong> 2945868<\/li>\n<li><strong>U\u017esakymas:<\/strong> prek\u0117 tiekiama pagal u\u017esakym\u0105, tod\u0117l rodoma kaip i\u0161ankstinis u\u017esakymas.<\/li>\n<\/ul>\n<p><a href=\"https:\/\/customer-reports.gmoto.pl\/image\/2945868\/17_1?sig=5b55b9277a635c3422aad2403131929720d04b563fda2f41611fd3f171f8e64e\" target=\"_blank\" rel=\"noopener\">Per\u017ei\u016br\u0117ti tiek\u0117jo nuotrauk\u0105<\/a><\/p>\n","protected":false},"excerpt":{"rendered":"<p>Visi\u0161kai nauja \u017einomo prek\u0117s \u017eenklo Pirelli padanga, modelis Scorpion Rally STR U\u017esakoma pagal tiek\u0117j\u0105.<\/p>\n","protected":false},"featured_media":0,"comment_status":"open","ping_status":"closed","template":"","meta":[],"product_brand":[],"product_cat":[373],"product_tag":[71],"class_list":{"0":"post-2529","1":"product","2":"type-product","3":"status-publish","5":"product_cat-universalios-padangos-offroad-padangos-2","6":"product_tag-pirelli","8":"first","9":"onbackorder","10":"sale","11":"shipping-taxable","12":"purchasable","13":"product-type-simple"},"_links":{"self":[{"href":"https:\/\/ironmoto.lt\/store\/wp-json\/wp\/v2\/product\/2529","targetHints":{"allow":["GET"]}}],"collection":[{"href":"https:\/\/ironmoto.lt\/store\/wp-json\/wp\/v2\/product"}],"about":[{"href":"https:\/\/ironmoto.lt\/store\/wp-json\/wp\/v2\/types\/product"}],"replies":[{"embeddable":true,"href":"https:\/\/ironmoto.lt\/store\/wp-json\/wp\/v2\/comments?post=2529"}],"wp:attachment":[{"href":"https:\/\/ironmoto.lt\/store\/wp-json\/wp\/v2\/media?parent=2529"}],"wp:term":[{"taxonomy":"product_brand","embeddable":true,"href":"https:\/\/ironmoto.lt\/store\/wp-json\/wp\/v2\/product_brand?post=2529"},{"taxonomy":"product_cat","embeddable":true,"href":"https:\/\/ironmoto.lt\/store\/wp-json\/wp\/v2\/product_cat?post=2529"},{"taxonomy":"product_tag","embeddable":true,"href":"https:\/\/ironmoto.lt\/store\/wp-json\/wp\/v2\/product_tag?post=2529"}],"curies":[{"name":"wp","href":"https:\/\/api.w.org\/{rel}","templated":true}]}}