{"id":2485,"date":"2026-04-02T06:50:47","date_gmt":"2026-04-02T06:50:47","guid":{"rendered":"https:\/\/ironmoto.lt\/store\/product\/pirelli-diablo-rosso-ii-180-55zr17-73w-tl-padanga\/"},"modified":"2026-04-07T18:09:16","modified_gmt":"2026-04-07T18:09:16","slug":"pirelli-diablo-rosso-ii-180-55zr17-73w-tl-padanga","status":"publish","type":"product","link":"https:\/\/ironmoto.lt\/store\/product\/pirelli-diablo-rosso-ii-180-55zr17-73w-tl-padanga\/","title":{"rendered":"Pirelli Diablo Rosso II 180\/55ZR17 73W TL padanga"},"content":{"rendered":"<p>Nauja garsaus Pirelli prek\u0117s \u017eenklo padanga, modelis Diablo Rosso II<\/p>\n<ul>\n<li><strong>Gamintojas:<\/strong> Pirelli<\/li>\n<li><strong>Kategorija:<\/strong> Padangos &gt; Plento (\u0161ose) &gt; Sportin\u0117s<\/li>\n<li><strong>EAN:<\/strong> 8019227206852<\/li>\n<li><strong>Tiek\u0117jo kodas:<\/strong> 2945687<\/li>\n<li><strong>U\u017esakymas:<\/strong> prek\u0117 tiekiama pagal u\u017esakym\u0105, tod\u0117l rodoma kaip i\u0161ankstinis u\u017esakymas.<\/li>\n<\/ul>\n<p><a href=\"https:\/\/customer-reports.gmoto.pl\/image\/2945687\/17_1?sig=1bee568c27dcb572d176d3b9ac5e9833e64533e5a50e112bf60a8495c46ca964\" target=\"_blank\" rel=\"noopener\">Per\u017ei\u016br\u0117ti tiek\u0117jo nuotrauk\u0105<\/a><\/p>\n","protected":false},"excerpt":{"rendered":"<p>Nauja garsaus Pirelli prek\u0117s \u017eenklo padanga, modelis Diablo Rosso II U\u017esakoma pagal tiek\u0117j\u0105.<\/p>\n","protected":false},"featured_media":0,"comment_status":"open","ping_status":"closed","template":"","meta":[],"product_brand":[],"product_cat":[364],"product_tag":[71],"class_list":{"0":"post-2485","1":"product","2":"type-product","3":"status-publish","5":"product_cat-padangos-2","6":"product_tag-pirelli","8":"first","9":"onbackorder","10":"sale","11":"shipping-taxable","12":"purchasable","13":"product-type-simple"},"_links":{"self":[{"href":"https:\/\/ironmoto.lt\/store\/wp-json\/wp\/v2\/product\/2485","targetHints":{"allow":["GET"]}}],"collection":[{"href":"https:\/\/ironmoto.lt\/store\/wp-json\/wp\/v2\/product"}],"about":[{"href":"https:\/\/ironmoto.lt\/store\/wp-json\/wp\/v2\/types\/product"}],"replies":[{"embeddable":true,"href":"https:\/\/ironmoto.lt\/store\/wp-json\/wp\/v2\/comments?post=2485"}],"wp:attachment":[{"href":"https:\/\/ironmoto.lt\/store\/wp-json\/wp\/v2\/media?parent=2485"}],"wp:term":[{"taxonomy":"product_brand","embeddable":true,"href":"https:\/\/ironmoto.lt\/store\/wp-json\/wp\/v2\/product_brand?post=2485"},{"taxonomy":"product_cat","embeddable":true,"href":"https:\/\/ironmoto.lt\/store\/wp-json\/wp\/v2\/product_cat?post=2485"},{"taxonomy":"product_tag","embeddable":true,"href":"https:\/\/ironmoto.lt\/store\/wp-json\/wp\/v2\/product_tag?post=2485"}],"curies":[{"name":"wp","href":"https:\/\/api.w.org\/{rel}","templated":true}]}}