{"id":2439,"date":"2026-04-02T06:49:52","date_gmt":"2026-04-02T06:49:52","guid":{"rendered":"https:\/\/ironmoto.lt\/store\/product\/metzeler-roadtec-scooter-130-70-13-63p-tl-padanga\/"},"modified":"2026-04-07T18:09:32","modified_gmt":"2026-04-07T18:09:32","slug":"metzeler-roadtec-scooter-130-70-13-63p-tl-padanga","status":"publish","type":"product","link":"https:\/\/ironmoto.lt\/store\/product\/metzeler-roadtec-scooter-130-70-13-63p-tl-padanga\/","title":{"rendered":"Metzeler Roadtec Scooter 130\/70-13 63P TL padanga"},"content":{"rendered":"<p>Visi\u0161kai nauja garsaus Metzeler prek\u0117s \u017eenklo padanga, Roadtec Scooter modelis<\/p>\n<ul>\n<li><strong>Gamintojas:<\/strong> Metzeler<\/li>\n<li><strong>Kategorija:<\/strong> Padangos &gt; Motorolerio &gt; Universalios<\/li>\n<li><strong>EAN:<\/strong> 8019227384666<\/li>\n<li><strong>Tiek\u0117jo kodas:<\/strong> 2944773<\/li>\n<li><strong>U\u017esakymas:<\/strong> prek\u0117 tiekiama pagal u\u017esakym\u0105, tod\u0117l rodoma kaip i\u0161ankstinis u\u017esakymas.<\/li>\n<\/ul>\n<p><a href=\"https:\/\/customer-reports.gmoto.pl\/image\/2944773\/17_1?sig=26d4f3de54075ac4e80b7b92deda5bc42564c677d78479a6a0626133fa2ff58b\" target=\"_blank\" rel=\"noopener\">Per\u017ei\u016br\u0117ti tiek\u0117jo nuotrauk\u0105<\/a><\/p>\n","protected":false},"excerpt":{"rendered":"<p>Visi\u0161kai nauja garsaus Metzeler prek\u0117s \u017eenklo padanga, Roadtec Scooter modelis U\u017esakoma pagal tiek\u0117j\u0105.<\/p>\n","protected":false},"featured_media":0,"comment_status":"open","ping_status":"closed","template":"","meta":[],"product_brand":[],"product_cat":[364],"product_tag":[68],"class_list":{"0":"post-2439","1":"product","2":"type-product","3":"status-publish","5":"product_cat-padangos-2","6":"product_tag-metzeler","8":"first","9":"onbackorder","10":"sale","11":"shipping-taxable","12":"purchasable","13":"product-type-simple"},"_links":{"self":[{"href":"https:\/\/ironmoto.lt\/store\/wp-json\/wp\/v2\/product\/2439","targetHints":{"allow":["GET"]}}],"collection":[{"href":"https:\/\/ironmoto.lt\/store\/wp-json\/wp\/v2\/product"}],"about":[{"href":"https:\/\/ironmoto.lt\/store\/wp-json\/wp\/v2\/types\/product"}],"replies":[{"embeddable":true,"href":"https:\/\/ironmoto.lt\/store\/wp-json\/wp\/v2\/comments?post=2439"}],"wp:attachment":[{"href":"https:\/\/ironmoto.lt\/store\/wp-json\/wp\/v2\/media?parent=2439"}],"wp:term":[{"taxonomy":"product_brand","embeddable":true,"href":"https:\/\/ironmoto.lt\/store\/wp-json\/wp\/v2\/product_brand?post=2439"},{"taxonomy":"product_cat","embeddable":true,"href":"https:\/\/ironmoto.lt\/store\/wp-json\/wp\/v2\/product_cat?post=2439"},{"taxonomy":"product_tag","embeddable":true,"href":"https:\/\/ironmoto.lt\/store\/wp-json\/wp\/v2\/product_tag?post=2439"}],"curies":[{"name":"wp","href":"https:\/\/api.w.org\/{rel}","templated":true}]}}