{"id":2427,"date":"2026-04-02T06:49:37","date_gmt":"2026-04-02T06:49:37","guid":{"rendered":"https:\/\/ironmoto.lt\/store\/product\/pirelli-city-demon-2-75-18-42p-tl-padanga\/"},"modified":"2026-04-07T18:09:36","modified_gmt":"2026-04-07T18:09:36","slug":"pirelli-city-demon-2-75-18-42p-tl-padanga","status":"publish","type":"product","link":"https:\/\/ironmoto.lt\/store\/product\/pirelli-city-demon-2-75-18-42p-tl-padanga\/","title":{"rendered":"Pirelli City Demon 2, 75-18 42P TL padanga"},"content":{"rendered":"<p>Naujos, gamykloje pagamintos garsaus Pirelli prek\u0117s \u017eenklo City Demon padangos, skirtos mopedams ir ma\u017eiems motociklams<\/p>\n<ul>\n<li><strong>Gamintojas:<\/strong> Pirelli<\/li>\n<li><strong>Kategorija:<\/strong> Padangos &gt; Plento (\u0161ose) &gt; Turistin\u0117s<\/li>\n<li><strong>EAN:<\/strong> 8019227196696<\/li>\n<li><strong>Tiek\u0117jo kodas:<\/strong> 2945598<\/li>\n<li><strong>U\u017esakymas:<\/strong> prek\u0117 tiekiama pagal u\u017esakym\u0105, tod\u0117l rodoma kaip i\u0161ankstinis u\u017esakymas.<\/li>\n<\/ul>\n<p><a href=\"https:\/\/customer-reports.gmoto.pl\/image\/2945598\/17_1?sig=e735485a45a50c39bbaf5cfacc2ed474a23245d0211b15094ccddbafcf899e56\" target=\"_blank\" rel=\"noopener\">Per\u017ei\u016br\u0117ti tiek\u0117jo nuotrauk\u0105<\/a><\/p>\n","protected":false},"excerpt":{"rendered":"<p>Naujos, gamykloje pagamintos garsaus Pirelli prek\u0117s \u017eenklo City Demon padangos, skirtos mopedams ir ma\u017eiems motociklams U\u017esakoma pagal tiek\u0117j\u0105.<\/p>\n","protected":false},"featured_media":0,"comment_status":"open","ping_status":"closed","template":"","meta":[],"product_brand":[],"product_cat":[364],"product_tag":[71],"class_list":{"0":"post-2427","1":"product","2":"type-product","3":"status-publish","5":"product_cat-padangos-2","6":"product_tag-pirelli","8":"first","9":"onbackorder","10":"sale","11":"shipping-taxable","12":"purchasable","13":"product-type-simple"},"_links":{"self":[{"href":"https:\/\/ironmoto.lt\/store\/wp-json\/wp\/v2\/product\/2427","targetHints":{"allow":["GET"]}}],"collection":[{"href":"https:\/\/ironmoto.lt\/store\/wp-json\/wp\/v2\/product"}],"about":[{"href":"https:\/\/ironmoto.lt\/store\/wp-json\/wp\/v2\/types\/product"}],"replies":[{"embeddable":true,"href":"https:\/\/ironmoto.lt\/store\/wp-json\/wp\/v2\/comments?post=2427"}],"wp:attachment":[{"href":"https:\/\/ironmoto.lt\/store\/wp-json\/wp\/v2\/media?parent=2427"}],"wp:term":[{"taxonomy":"product_brand","embeddable":true,"href":"https:\/\/ironmoto.lt\/store\/wp-json\/wp\/v2\/product_brand?post=2427"},{"taxonomy":"product_cat","embeddable":true,"href":"https:\/\/ironmoto.lt\/store\/wp-json\/wp\/v2\/product_cat?post=2427"},{"taxonomy":"product_tag","embeddable":true,"href":"https:\/\/ironmoto.lt\/store\/wp-json\/wp\/v2\/product_tag?post=2427"}],"curies":[{"name":"wp","href":"https:\/\/api.w.org\/{rel}","templated":true}]}}