{"id":2353,"date":"2026-04-01T18:49:32","date_gmt":"2026-04-01T18:49:32","guid":{"rendered":"https:\/\/ironmoto.lt\/store\/product\/did-420-nz3-136-atvira-pavaros-grandine-su-uzsegimu\/"},"modified":"2026-04-06T20:43:47","modified_gmt":"2026-04-06T20:43:47","slug":"did-420-nz3-136-atvira-pavaros-grandine-su-uzsegimu","status":"publish","type":"product","link":"https:\/\/ironmoto.lt\/store\/product\/did-420-nz3-136-atvira-pavaros-grandine-su-uzsegimu\/","title":{"rendered":"DID 420 NZ3 136 atvira pavaros grandin\u0117 su u\u017esegimu"},"content":{"rendered":"<p>Nauja \u017einomos kompanijos DID pavaros grandin\u0117<\/p>\n<ul>\n<li><strong>Gamintojas:<\/strong> DID<\/li>\n<li><strong>Kategorija:<\/strong> Dalys &gt; Pavaros sistema &gt; Pavaros grandin\u0117s &gt; 420<\/li>\n<li><strong>EAN:<\/strong> 4525516182331<\/li>\n<li><strong>Tiek\u0117jo kodas:<\/strong> 15642<\/li>\n<li><strong>U\u017esakymas:<\/strong> prek\u0117 tiekiama pagal u\u017esakym\u0105, tod\u0117l rodoma kaip i\u0161ankstinis u\u017esakymas.<\/li>\n<\/ul>\n<p><a href=\"https:\/\/customer-reports.gmoto.pl\/image\/15642\/17_1?sig=b3ebdb54fca193007d81d1544be7536ce7974875b63f829e4e129f5113ff4eee\" target=\"_blank\" rel=\"noopener\">Per\u017ei\u016br\u0117ti tiek\u0117jo nuotrauk\u0105<\/a><\/p>\n","protected":false},"excerpt":{"rendered":"<p>Nauja \u017einomos kompanijos DID pavaros grandin\u0117 U\u017esakoma pagal tiek\u0117j\u0105.<\/p>\n","protected":false},"featured_media":0,"comment_status":"open","ping_status":"closed","template":"","meta":[],"product_brand":[],"product_cat":[718],"product_tag":[110],"class_list":{"0":"post-2353","1":"product","2":"type-product","3":"status-publish","5":"product_cat-grandines","6":"product_tag-did","8":"first","9":"onbackorder","10":"sale","11":"shipping-taxable","12":"purchasable","13":"product-type-simple"},"_links":{"self":[{"href":"https:\/\/ironmoto.lt\/store\/wp-json\/wp\/v2\/product\/2353","targetHints":{"allow":["GET"]}}],"collection":[{"href":"https:\/\/ironmoto.lt\/store\/wp-json\/wp\/v2\/product"}],"about":[{"href":"https:\/\/ironmoto.lt\/store\/wp-json\/wp\/v2\/types\/product"}],"replies":[{"embeddable":true,"href":"https:\/\/ironmoto.lt\/store\/wp-json\/wp\/v2\/comments?post=2353"}],"wp:attachment":[{"href":"https:\/\/ironmoto.lt\/store\/wp-json\/wp\/v2\/media?parent=2353"}],"wp:term":[{"taxonomy":"product_brand","embeddable":true,"href":"https:\/\/ironmoto.lt\/store\/wp-json\/wp\/v2\/product_brand?post=2353"},{"taxonomy":"product_cat","embeddable":true,"href":"https:\/\/ironmoto.lt\/store\/wp-json\/wp\/v2\/product_cat?post=2353"},{"taxonomy":"product_tag","embeddable":true,"href":"https:\/\/ironmoto.lt\/store\/wp-json\/wp\/v2\/product_tag?post=2353"}],"curies":[{"name":"wp","href":"https:\/\/api.w.org\/{rel}","templated":true}]}}