{"id":2340,"date":"2026-04-01T18:22:45","date_gmt":"2026-04-01T18:22:45","guid":{"rendered":"https:\/\/ironmoto.lt\/store\/product\/variklio-alyva-ipone-r4000-rs-4t-10w40-pusiau-sintetine-4-l-801135\/"},"modified":"2026-04-06T20:43:47","modified_gmt":"2026-04-06T20:43:47","slug":"variklio-alyva-ipone-r4000-rs-4t-10w40-pusiau-sintetine-4-l-801135","status":"publish","type":"product","link":"https:\/\/ironmoto.lt\/store\/product\/variklio-alyva-ipone-r4000-rs-4t-10w40-pusiau-sintetine-4-l-801135\/","title":{"rendered":"Variklio alyva Ipone R4000 RS 4T 10W40 pusiau sintetin\u0117 4 l &#8211; 801135"},"content":{"rendered":"<p>Variklio alyva Ipone R4000 RS 4T 10W40 pusiau sintetin\u0117 4 l &#8211; 801135. Skirta patikimam variklio tepimui ir reguliariai prie\u017ei\u016brai.<\/p>\n<ul>\n<li><strong>Gamintojas:<\/strong> Ipone<\/li>\n<li><strong>Kategorija:<\/strong> Variklin\u0117s alyvos<\/li>\n<li><strong>Kodas:<\/strong> 801135<\/li>\n<li><strong>Prieinamumas:<\/strong> Prek\u0117 u\u017esakoma pagal tiek\u0117jo sand\u0117l\u012f.<\/li>\n<\/ul>\n","protected":false},"excerpt":{"rendered":"<p>Variklio alyva Ipone R4000 RS 4T 10W40 pusiau sintetin\u0117 4 l &#8211; 801135. Skirta patikimam variklio tepimui ir reguliariai prie\u017ei\u016brai.<\/p>\n","protected":false},"featured_media":2827,"comment_status":"open","ping_status":"closed","template":"","meta":[],"product_brand":[],"product_cat":[725],"product_tag":[],"class_list":{"0":"post-2340","1":"product","2":"type-product","3":"status-publish","4":"has-post-thumbnail","6":"product_cat-variklines-alyvos-alyvos-ir-skysciai","8":"first","9":"onbackorder","10":"sale","11":"shipping-taxable","12":"purchasable","13":"product-type-simple"},"_links":{"self":[{"href":"https:\/\/ironmoto.lt\/store\/wp-json\/wp\/v2\/product\/2340","targetHints":{"allow":["GET"]}}],"collection":[{"href":"https:\/\/ironmoto.lt\/store\/wp-json\/wp\/v2\/product"}],"about":[{"href":"https:\/\/ironmoto.lt\/store\/wp-json\/wp\/v2\/types\/product"}],"replies":[{"embeddable":true,"href":"https:\/\/ironmoto.lt\/store\/wp-json\/wp\/v2\/comments?post=2340"}],"wp:featuredmedia":[{"embeddable":true,"href":"https:\/\/ironmoto.lt\/store\/wp-json\/wp\/v2\/media\/2827"}],"wp:attachment":[{"href":"https:\/\/ironmoto.lt\/store\/wp-json\/wp\/v2\/media?parent=2340"}],"wp:term":[{"taxonomy":"product_brand","embeddable":true,"href":"https:\/\/ironmoto.lt\/store\/wp-json\/wp\/v2\/product_brand?post=2340"},{"taxonomy":"product_cat","embeddable":true,"href":"https:\/\/ironmoto.lt\/store\/wp-json\/wp\/v2\/product_cat?post=2340"},{"taxonomy":"product_tag","embeddable":true,"href":"https:\/\/ironmoto.lt\/store\/wp-json\/wp\/v2\/product_tag?post=2340"}],"curies":[{"name":"wp","href":"https:\/\/api.w.org\/{rel}","templated":true}]}}