{"id":2326,"date":"2026-04-01T18:22:25","date_gmt":"2026-04-01T18:22:25","guid":{"rendered":"https:\/\/ironmoto.lt\/store\/product\/priekines-pakabos-rieboksliu-rinkinys-ariete-48x58-2x8-5-10-5-ari117\/"},"modified":"2026-04-06T20:43:47","modified_gmt":"2026-04-06T20:43:47","slug":"priekines-pakabos-rieboksliu-rinkinys-ariete-48x58-2x8-5-10-5-ari117","status":"publish","type":"product","link":"https:\/\/ironmoto.lt\/store\/product\/priekines-pakabos-rieboksliu-rinkinys-ariete-48x58-2x8-5-10-5-ari117\/","title":{"rendered":"Priekin\u0117s pakabos riebok\u0161li\u0173 rinkinys Ariete 48&#215;58.2&#215;8.5\/10.5 &#8211; ARI117"},"content":{"rendered":"<p>Priekin\u0117s pakabos riebok\u0161li\u0173 rinkinys Ariete 48&#215;58.2&#215;8.5\/10.5 &#8211; ARI117. Skirta tvarkingam pakabos mazgo aptarnavimui.<\/p>\n<ul>\n<li><strong>Gamintojas:<\/strong> Ariete<\/li>\n<li><strong>Kategorija:<\/strong> Amortizatori\u0173 dalys<\/li>\n<li><strong>Kodas:<\/strong> ARI117<\/li>\n<li><strong>Prieinamumas:<\/strong> Prek\u0117 u\u017esakoma pagal tiek\u0117jo sand\u0117l\u012f.<\/li>\n<\/ul>\n","protected":false},"excerpt":{"rendered":"<p>Priekin\u0117s pakabos riebok\u0161li\u0173 rinkinys Ariete 48&#215;58.2&#215;8.5\/10.5 &#8211; ARI117. Skirta tvarkingam pakabos mazgo aptarnavimui.<\/p>\n","protected":false},"featured_media":2841,"comment_status":"open","ping_status":"closed","template":"","meta":[],"product_brand":[],"product_cat":[726],"product_tag":[],"class_list":{"0":"post-2326","1":"product","2":"type-product","3":"status-publish","4":"has-post-thumbnail","6":"product_cat-amortizatoriu-dalys","8":"first","9":"onbackorder","10":"sale","11":"shipping-taxable","12":"purchasable","13":"product-type-simple"},"_links":{"self":[{"href":"https:\/\/ironmoto.lt\/store\/wp-json\/wp\/v2\/product\/2326","targetHints":{"allow":["GET"]}}],"collection":[{"href":"https:\/\/ironmoto.lt\/store\/wp-json\/wp\/v2\/product"}],"about":[{"href":"https:\/\/ironmoto.lt\/store\/wp-json\/wp\/v2\/types\/product"}],"replies":[{"embeddable":true,"href":"https:\/\/ironmoto.lt\/store\/wp-json\/wp\/v2\/comments?post=2326"}],"wp:featuredmedia":[{"embeddable":true,"href":"https:\/\/ironmoto.lt\/store\/wp-json\/wp\/v2\/media\/2841"}],"wp:attachment":[{"href":"https:\/\/ironmoto.lt\/store\/wp-json\/wp\/v2\/media?parent=2326"}],"wp:term":[{"taxonomy":"product_brand","embeddable":true,"href":"https:\/\/ironmoto.lt\/store\/wp-json\/wp\/v2\/product_brand?post=2326"},{"taxonomy":"product_cat","embeddable":true,"href":"https:\/\/ironmoto.lt\/store\/wp-json\/wp\/v2\/product_cat?post=2326"},{"taxonomy":"product_tag","embeddable":true,"href":"https:\/\/ironmoto.lt\/store\/wp-json\/wp\/v2\/product_tag?post=2326"}],"curies":[{"name":"wp","href":"https:\/\/api.w.org\/{rel}","templated":true}]}}