{"id":2322,"date":"2026-04-01T18:22:21","date_gmt":"2026-04-01T18:22:21","guid":{"rendered":"https:\/\/ironmoto.lt\/store\/product\/ariete-43-mm-priekines-pakabos-dulkiu-sandarikliai-suzuki-rm-250-465-08971-a\/"},"modified":"2026-04-06T20:43:47","modified_gmt":"2026-04-06T20:43:47","slug":"ariete-43-mm-priekines-pakabos-dulkiu-sandarikliai-suzuki-rm-250-465-08971-a","status":"publish","type":"product","link":"https:\/\/ironmoto.lt\/store\/product\/ariete-43-mm-priekines-pakabos-dulkiu-sandarikliai-suzuki-rm-250-465-08971-a\/","title":{"rendered":"Ariete 43 mm priekin\u0117s pakabos dulki\u0173 sandarikliai Suzuki RM 250 465 &#8211; 08971\/A"},"content":{"rendered":"<p>Ariete 43 mm priekin\u0117s pakabos dulki\u0173 sandarikliai Suzuki RM 250 465 &#8211; 08971\/A. Skirta tvarkingam pakabos mazgo aptarnavimui.<\/p>\n<ul>\n<li><strong>Gamintojas:<\/strong> Ariete<\/li>\n<li><strong>Kategorija:<\/strong> Amortizatori\u0173 dalys<\/li>\n<li><strong>Kodas:<\/strong> 08971<\/li>\n<li><strong>Prieinamumas:<\/strong> Prek\u0117 u\u017esakoma pagal tiek\u0117jo sand\u0117l\u012f.<\/li>\n<\/ul>\n","protected":false},"excerpt":{"rendered":"<p>Ariete 43 mm priekin\u0117s pakabos dulki\u0173 sandarikliai Suzuki RM 250 465 &#8211; 08971\/A. Skirta tvarkingam pakabos mazgo aptarnavimui.<\/p>\n","protected":false},"featured_media":2839,"comment_status":"open","ping_status":"closed","template":"","meta":[],"product_brand":[],"product_cat":[726],"product_tag":[],"class_list":{"0":"post-2322","1":"product","2":"type-product","3":"status-publish","4":"has-post-thumbnail","6":"product_cat-amortizatoriu-dalys","8":"first","9":"onbackorder","10":"sale","11":"shipping-taxable","12":"purchasable","13":"product-type-simple"},"_links":{"self":[{"href":"https:\/\/ironmoto.lt\/store\/wp-json\/wp\/v2\/product\/2322","targetHints":{"allow":["GET"]}}],"collection":[{"href":"https:\/\/ironmoto.lt\/store\/wp-json\/wp\/v2\/product"}],"about":[{"href":"https:\/\/ironmoto.lt\/store\/wp-json\/wp\/v2\/types\/product"}],"replies":[{"embeddable":true,"href":"https:\/\/ironmoto.lt\/store\/wp-json\/wp\/v2\/comments?post=2322"}],"wp:featuredmedia":[{"embeddable":true,"href":"https:\/\/ironmoto.lt\/store\/wp-json\/wp\/v2\/media\/2839"}],"wp:attachment":[{"href":"https:\/\/ironmoto.lt\/store\/wp-json\/wp\/v2\/media?parent=2322"}],"wp:term":[{"taxonomy":"product_brand","embeddable":true,"href":"https:\/\/ironmoto.lt\/store\/wp-json\/wp\/v2\/product_brand?post=2322"},{"taxonomy":"product_cat","embeddable":true,"href":"https:\/\/ironmoto.lt\/store\/wp-json\/wp\/v2\/product_cat?post=2322"},{"taxonomy":"product_tag","embeddable":true,"href":"https:\/\/ironmoto.lt\/store\/wp-json\/wp\/v2\/product_tag?post=2322"}],"curies":[{"name":"wp","href":"https:\/\/api.w.org\/{rel}","templated":true}]}}