{"id":2320,"date":"2026-04-01T18:22:20","date_gmt":"2026-04-01T18:22:20","guid":{"rendered":"https:\/\/ironmoto.lt\/store\/product\/ariete-priekines-pakabos-dulkiu-sandarikliai-marzocchi-38-mm-oem-1052010020-08963\/"},"modified":"2026-04-06T20:43:47","modified_gmt":"2026-04-06T20:43:47","slug":"ariete-priekines-pakabos-dulkiu-sandarikliai-marzocchi-38-mm-oem-1052010020-08963","status":"publish","type":"product","link":"https:\/\/ironmoto.lt\/store\/product\/ariete-priekines-pakabos-dulkiu-sandarikliai-marzocchi-38-mm-oem-1052010020-08963\/","title":{"rendered":"Ariete priekin\u0117s pakabos dulki\u0173 sandarikliai Marzocchi 38 mm OEM 1052010020 &#8211; 08963"},"content":{"rendered":"<p>Ariete priekin\u0117s pakabos dulki\u0173 sandarikliai Marzocchi 38 mm OEM 1052010020 &#8211; 08963. Skirta tvarkingam pakabos mazgo aptarnavimui.<\/p>\n<ul>\n<li><strong>Gamintojas:<\/strong> Ariete<\/li>\n<li><strong>Kategorija:<\/strong> Amortizatori\u0173 dalys<\/li>\n<li><strong>Kodas:<\/strong> 08963<\/li>\n<li><strong>Prieinamumas:<\/strong> Prek\u0117 u\u017esakoma pagal tiek\u0117jo sand\u0117l\u012f.<\/li>\n<\/ul>\n","protected":false},"excerpt":{"rendered":"<p>Ariete priekin\u0117s pakabos dulki\u0173 sandarikliai Marzocchi 38 mm OEM 1052010020 &#8211; 08963. Skirta tvarkingam pakabos mazgo aptarnavimui.<\/p>\n","protected":false},"featured_media":2836,"comment_status":"open","ping_status":"closed","template":"","meta":[],"product_brand":[],"product_cat":[726],"product_tag":[],"class_list":{"0":"post-2320","1":"product","2":"type-product","3":"status-publish","4":"has-post-thumbnail","6":"product_cat-amortizatoriu-dalys","8":"first","9":"onbackorder","10":"sale","11":"shipping-taxable","12":"purchasable","13":"product-type-simple"},"_links":{"self":[{"href":"https:\/\/ironmoto.lt\/store\/wp-json\/wp\/v2\/product\/2320","targetHints":{"allow":["GET"]}}],"collection":[{"href":"https:\/\/ironmoto.lt\/store\/wp-json\/wp\/v2\/product"}],"about":[{"href":"https:\/\/ironmoto.lt\/store\/wp-json\/wp\/v2\/types\/product"}],"replies":[{"embeddable":true,"href":"https:\/\/ironmoto.lt\/store\/wp-json\/wp\/v2\/comments?post=2320"}],"wp:featuredmedia":[{"embeddable":true,"href":"https:\/\/ironmoto.lt\/store\/wp-json\/wp\/v2\/media\/2836"}],"wp:attachment":[{"href":"https:\/\/ironmoto.lt\/store\/wp-json\/wp\/v2\/media?parent=2320"}],"wp:term":[{"taxonomy":"product_brand","embeddable":true,"href":"https:\/\/ironmoto.lt\/store\/wp-json\/wp\/v2\/product_brand?post=2320"},{"taxonomy":"product_cat","embeddable":true,"href":"https:\/\/ironmoto.lt\/store\/wp-json\/wp\/v2\/product_cat?post=2320"},{"taxonomy":"product_tag","embeddable":true,"href":"https:\/\/ironmoto.lt\/store\/wp-json\/wp\/v2\/product_tag?post=2320"}],"curies":[{"name":"wp","href":"https:\/\/api.w.org\/{rel}","templated":true}]}}