{"id":2253,"date":"2026-04-01T17:01:24","date_gmt":"2026-04-01T17:01:24","guid":{"rendered":"https:\/\/ironmoto.lt\/store\/product\/12v-8-6-ah-gelinis-akumuliatorius-yuasa-ytz10s\/"},"modified":"2026-04-06T20:43:47","modified_gmt":"2026-04-06T20:43:47","slug":"12v-8-6-ah-gelinis-akumuliatorius-yuasa-ytz10s","status":"publish","type":"product","link":"https:\/\/ironmoto.lt\/store\/product\/12v-8-6-ah-gelinis-akumuliatorius-yuasa-ytz10s\/","title":{"rendered":"12V 8, 6 Ah gelinis akumuliatorius YUASA YTZ10S"},"content":{"rendered":"<p>Yuasa YTZ10S gelinis akumuliatorius<\/p>\n<ul>\n<li><strong>Gamintojas:<\/strong> Yuasa<\/li>\n<li><strong>Kategorija:<\/strong> Dalys &gt; Elektra ir ap\u0161vietimas &gt; Akumuliatoriai<\/li>\n<li><strong>EAN:<\/strong> 4906958001464<\/li>\n<li><strong>Tiek\u0117jo kodas:<\/strong> 78318<\/li>\n<li><strong>U\u017esakymas:<\/strong> prek\u0117 tiekiama pagal u\u017esakym\u0105, tod\u0117l rodoma kaip i\u0161ankstinis u\u017esakymas.<\/li>\n<\/ul>\n<p><a href=\"https:\/\/customer-reports.gmoto.pl\/image\/78318\/17_1?sig=b972a127eca0bf6d3f66b8f10a7caf15254c8725d315347b9e1ff4874c476d3f\" target=\"_blank\" rel=\"noopener\">Per\u017ei\u016br\u0117ti tiek\u0117jo nuotrauk\u0105<\/a><\/p>\n","protected":false},"excerpt":{"rendered":"<p>Yuasa YTZ10S gelinis akumuliatorius U\u017esakoma pagal tiek\u0117j\u0105.<\/p>\n","protected":false},"featured_media":0,"comment_status":"open","ping_status":"closed","template":"","meta":[],"product_brand":[],"product_cat":[721],"product_tag":[122],"class_list":{"0":"post-2253","1":"product","2":"type-product","3":"status-publish","5":"product_cat-akumuliatoriai-elektra-ir-elektronika","6":"product_tag-yuasa","8":"first","9":"onbackorder","10":"sale","11":"shipping-taxable","12":"purchasable","13":"product-type-simple"},"_links":{"self":[{"href":"https:\/\/ironmoto.lt\/store\/wp-json\/wp\/v2\/product\/2253","targetHints":{"allow":["GET"]}}],"collection":[{"href":"https:\/\/ironmoto.lt\/store\/wp-json\/wp\/v2\/product"}],"about":[{"href":"https:\/\/ironmoto.lt\/store\/wp-json\/wp\/v2\/types\/product"}],"replies":[{"embeddable":true,"href":"https:\/\/ironmoto.lt\/store\/wp-json\/wp\/v2\/comments?post=2253"}],"wp:attachment":[{"href":"https:\/\/ironmoto.lt\/store\/wp-json\/wp\/v2\/media?parent=2253"}],"wp:term":[{"taxonomy":"product_brand","embeddable":true,"href":"https:\/\/ironmoto.lt\/store\/wp-json\/wp\/v2\/product_brand?post=2253"},{"taxonomy":"product_cat","embeddable":true,"href":"https:\/\/ironmoto.lt\/store\/wp-json\/wp\/v2\/product_cat?post=2253"},{"taxonomy":"product_tag","embeddable":true,"href":"https:\/\/ironmoto.lt\/store\/wp-json\/wp\/v2\/product_tag?post=2253"}],"curies":[{"name":"wp","href":"https:\/\/api.w.org\/{rel}","templated":true}]}}