{"id":1709,"date":"2026-03-15T14:46:35","date_gmt":"2026-03-15T14:46:35","guid":{"rendered":"https:\/\/ironmoto.lt\/store\/product\/ngk-cr8eia-9-oe-iridzio-uzdegimo-zvake\/"},"modified":"2026-04-06T20:43:49","modified_gmt":"2026-04-06T20:43:49","slug":"ngk-cr8eia-9-oe-iridzio-uzdegimo-zvake","status":"publish","type":"product","link":"https:\/\/ironmoto.lt\/store\/product\/ngk-cr8eia-9-oe-iridzio-uzdegimo-zvake\/","title":{"rendered":"NGK CR8EIA-9 OE irid\u017eio u\u017edegimo \u017evak\u0117"},"content":{"rendered":"<p>NGK u\u017edegimo \u017evak\u0117<\/p>\n<ul>\n<li><strong>Gamintojas:<\/strong> NGK<\/li>\n<li><strong>Kategorija:<\/strong> Dalys &gt; Elektra ir ap\u0161vietimas &gt; \u017dvak\u0117s ir pypk\u0117s &gt; U\u017edegimo \u017evak\u0117s<\/li>\n<li><strong>EAN:<\/strong> 087295142868<\/li>\n<li><strong>Tiek\u0117jo kodas:<\/strong> 152305<\/li>\n<li><strong>U\u017esakymas:<\/strong> prek\u0117 tiekiama pagal u\u017esakym\u0105, tod\u0117l rodoma kaip i\u0161ankstinis u\u017esakymas.<\/li>\n<\/ul>\n<p><a href=\"https:\/\/customer-reports.gmoto.pl\/image\/152305\/17_1?sig=a722c2e4d4fde7f060950dcd2ed545c442d1d1840b6d6c5c786b13565f451cff\" target=\"_blank\" rel=\"noopener\">Per\u017ei\u016br\u0117ti tiek\u0117jo nuotrauk\u0105<\/a><\/p>\n","protected":false},"excerpt":{"rendered":"<p>NGK u\u017edegimo \u017evak\u0117 U\u017esakoma pagal tiek\u0117j\u0105.<\/p>\n","protected":false},"featured_media":0,"comment_status":"open","ping_status":"closed","template":"","meta":[],"product_brand":[],"product_cat":[713],"product_tag":[116],"class_list":{"0":"post-1709","1":"product","2":"type-product","3":"status-publish","5":"product_cat-zvakes","6":"product_tag-ngk","8":"first","9":"onbackorder","10":"sale","11":"shipping-taxable","12":"purchasable","13":"product-type-simple"},"_links":{"self":[{"href":"https:\/\/ironmoto.lt\/store\/wp-json\/wp\/v2\/product\/1709","targetHints":{"allow":["GET"]}}],"collection":[{"href":"https:\/\/ironmoto.lt\/store\/wp-json\/wp\/v2\/product"}],"about":[{"href":"https:\/\/ironmoto.lt\/store\/wp-json\/wp\/v2\/types\/product"}],"replies":[{"embeddable":true,"href":"https:\/\/ironmoto.lt\/store\/wp-json\/wp\/v2\/comments?post=1709"}],"wp:attachment":[{"href":"https:\/\/ironmoto.lt\/store\/wp-json\/wp\/v2\/media?parent=1709"}],"wp:term":[{"taxonomy":"product_brand","embeddable":true,"href":"https:\/\/ironmoto.lt\/store\/wp-json\/wp\/v2\/product_brand?post=1709"},{"taxonomy":"product_cat","embeddable":true,"href":"https:\/\/ironmoto.lt\/store\/wp-json\/wp\/v2\/product_cat?post=1709"},{"taxonomy":"product_tag","embeddable":true,"href":"https:\/\/ironmoto.lt\/store\/wp-json\/wp\/v2\/product_tag?post=1709"}],"curies":[{"name":"wp","href":"https:\/\/api.w.org\/{rel}","templated":true}]}}