{"id":1124,"date":"2026-03-14T13:27:19","date_gmt":"2026-03-14T13:27:19","guid":{"rendered":"https:\/\/ironmoto.lt\/store\/product\/ngk-uzdegimo-zvake-cr8ehix9-iridzio\/"},"modified":"2026-04-06T20:43:49","modified_gmt":"2026-04-06T20:43:49","slug":"ngk-uzdegimo-zvake-cr8ehix9-iridzio","status":"publish","type":"product","link":"https:\/\/ironmoto.lt\/store\/product\/ngk-uzdegimo-zvake-cr8ehix9-iridzio\/","title":{"rendered":"NGK u\u017edegimo \u017evak\u0117 CR8EHIX9 irid\u017eio"},"content":{"rendered":"<p>NGK u\u017edegimo \u017evak\u0117<\/p>\n<ul>\n<li><strong>Gamintojas:<\/strong> NGK<\/li>\n<li><strong>Kategorija:<\/strong> Dalys &gt; Elektra ir ap\u0161vietimas &gt; \u017dvak\u0117s ir pypk\u0117s &gt; U\u017edegimo \u017evak\u0117s<\/li>\n<li><strong>EAN:<\/strong> 087295137970<\/li>\n<li><strong>Tiek\u0117jo kodas:<\/strong> 3323<\/li>\n<li><strong>U\u017esakymas:<\/strong> prek\u0117 tiekiama pagal u\u017esakym\u0105, tod\u0117l rodoma kaip i\u0161ankstinis u\u017esakymas.<\/li>\n<\/ul>\n<p><a href=\"https:\/\/customer-reports.gmoto.pl\/image\/3323\/17_1?sig=ef29889dbc7d9f25a7f21f107f0752a9b19f0916b228a5c9dd0886f338c06483\" target=\"_blank\" rel=\"noopener\">Per\u017ei\u016br\u0117ti tiek\u0117jo nuotrauk\u0105<\/a><\/p>\n","protected":false},"excerpt":{"rendered":"<p>NGK u\u017edegimo \u017evak\u0117 U\u017esakoma pagal tiek\u0117j\u0105.<\/p>\n","protected":false},"featured_media":1510,"comment_status":"open","ping_status":"closed","template":"","meta":[],"product_brand":[],"product_cat":[713],"product_tag":[116],"class_list":{"0":"post-1124","1":"product","2":"type-product","3":"status-publish","4":"has-post-thumbnail","6":"product_cat-zvakes","7":"product_tag-ngk","9":"first","10":"onbackorder","11":"sale","12":"shipping-taxable","13":"purchasable","14":"product-type-simple"},"_links":{"self":[{"href":"https:\/\/ironmoto.lt\/store\/wp-json\/wp\/v2\/product\/1124","targetHints":{"allow":["GET"]}}],"collection":[{"href":"https:\/\/ironmoto.lt\/store\/wp-json\/wp\/v2\/product"}],"about":[{"href":"https:\/\/ironmoto.lt\/store\/wp-json\/wp\/v2\/types\/product"}],"replies":[{"embeddable":true,"href":"https:\/\/ironmoto.lt\/store\/wp-json\/wp\/v2\/comments?post=1124"}],"wp:featuredmedia":[{"embeddable":true,"href":"https:\/\/ironmoto.lt\/store\/wp-json\/wp\/v2\/media\/1510"}],"wp:attachment":[{"href":"https:\/\/ironmoto.lt\/store\/wp-json\/wp\/v2\/media?parent=1124"}],"wp:term":[{"taxonomy":"product_brand","embeddable":true,"href":"https:\/\/ironmoto.lt\/store\/wp-json\/wp\/v2\/product_brand?post=1124"},{"taxonomy":"product_cat","embeddable":true,"href":"https:\/\/ironmoto.lt\/store\/wp-json\/wp\/v2\/product_cat?post=1124"},{"taxonomy":"product_tag","embeddable":true,"href":"https:\/\/ironmoto.lt\/store\/wp-json\/wp\/v2\/product_tag?post=1124"}],"curies":[{"name":"wp","href":"https:\/\/api.w.org\/{rel}","templated":true}]}}