{"id":1109,"date":"2026-03-14T13:27:04","date_gmt":"2026-03-14T13:27:04","guid":{"rendered":"https:\/\/ironmoto.lt\/store\/product\/did-415-erz-140-gg-atviros-pavaros-grandine-su-uzsegimu-aukso-spalvos\/"},"modified":"2026-04-06T20:43:49","modified_gmt":"2026-04-06T20:43:49","slug":"did-415-erz-140-gg-atviros-pavaros-grandine-su-uzsegimu-aukso-spalvos","status":"publish","type":"product","link":"https:\/\/ironmoto.lt\/store\/product\/did-415-erz-140-gg-atviros-pavaros-grandine-su-uzsegimu-aukso-spalvos\/","title":{"rendered":"DID 415 ERZ 140 G&amp;G atviros pavaros grandin\u0117 su u\u017esegimu aukso spalvos"},"content":{"rendered":"<p>Naujoji \u017einomos bendrov\u0117s D.I.D. pavaros grandin\u0117 DID 415 ERZ<\/p>\n<ul>\n<li><strong>Gamintojas:<\/strong> DID<\/li>\n<li><strong>Kategorija:<\/strong> Dalys &gt; Pavaros sistema &gt; Pavaros grandin\u0117s &gt; 415<\/li>\n<li><strong>EAN:<\/strong> 4525516453356<\/li>\n<li><strong>Tiek\u0117jo kodas:<\/strong> 15540<\/li>\n<li><strong>U\u017esakymas:<\/strong> prek\u0117 tiekiama pagal u\u017esakym\u0105, tod\u0117l rodoma kaip i\u0161ankstinis u\u017esakymas.<\/li>\n<\/ul>\n<p><a href=\"https:\/\/customer-reports.gmoto.pl\/image\/15540\/17_1?sig=98d119b6563430c188e50d728e88d321b2c0b689495db02e951871100ebd0dcd\" target=\"_blank\" rel=\"noopener\">Per\u017ei\u016br\u0117ti tiek\u0117jo nuotrauk\u0105<\/a><\/p>\n","protected":false},"excerpt":{"rendered":"<p>Naujoji \u017einomos bendrov\u0117s D.I.D. pavaros grandin\u0117 DID 415 ERZ U\u017esakoma pagal tiek\u0117j\u0105.<\/p>\n","protected":false},"featured_media":1524,"comment_status":"open","ping_status":"closed","template":"","meta":[],"product_brand":[],"product_cat":[718],"product_tag":[110],"class_list":{"0":"post-1109","1":"product","2":"type-product","3":"status-publish","4":"has-post-thumbnail","6":"product_cat-grandines","7":"product_tag-did","9":"first","10":"onbackorder","11":"sale","12":"shipping-taxable","13":"purchasable","14":"product-type-simple"},"_links":{"self":[{"href":"https:\/\/ironmoto.lt\/store\/wp-json\/wp\/v2\/product\/1109","targetHints":{"allow":["GET"]}}],"collection":[{"href":"https:\/\/ironmoto.lt\/store\/wp-json\/wp\/v2\/product"}],"about":[{"href":"https:\/\/ironmoto.lt\/store\/wp-json\/wp\/v2\/types\/product"}],"replies":[{"embeddable":true,"href":"https:\/\/ironmoto.lt\/store\/wp-json\/wp\/v2\/comments?post=1109"}],"wp:featuredmedia":[{"embeddable":true,"href":"https:\/\/ironmoto.lt\/store\/wp-json\/wp\/v2\/media\/1524"}],"wp:attachment":[{"href":"https:\/\/ironmoto.lt\/store\/wp-json\/wp\/v2\/media?parent=1109"}],"wp:term":[{"taxonomy":"product_brand","embeddable":true,"href":"https:\/\/ironmoto.lt\/store\/wp-json\/wp\/v2\/product_brand?post=1109"},{"taxonomy":"product_cat","embeddable":true,"href":"https:\/\/ironmoto.lt\/store\/wp-json\/wp\/v2\/product_cat?post=1109"},{"taxonomy":"product_tag","embeddable":true,"href":"https:\/\/ironmoto.lt\/store\/wp-json\/wp\/v2\/product_tag?post=1109"}],"curies":[{"name":"wp","href":"https:\/\/api.w.org\/{rel}","templated":true}]}}