{"id":1036,"date":"2026-03-14T13:25:54","date_gmt":"2026-03-14T13:25:54","guid":{"rendered":"https:\/\/ironmoto.lt\/store\/product\/ferodo-fdb574ef-road-offroad-eco-friction-priekines-stabdziu-trinkeles\/"},"modified":"2026-04-06T20:43:51","modified_gmt":"2026-04-06T20:43:51","slug":"ferodo-fdb574ef-road-offroad-eco-friction-priekines-stabdziu-trinkeles","status":"publish","type":"product","link":"https:\/\/ironmoto.lt\/store\/product\/ferodo-fdb574ef-road-offroad-eco-friction-priekines-stabdziu-trinkeles\/","title":{"rendered":"Ferodo FDB574EF Road Offroad Eco Friction priekin\u0117s stabd\u017ei\u0173 trinkel\u0117s"},"content":{"rendered":"<p>Ferodo Road Offroad Eco Friction stabd\u017ei\u0173 trinkel\u0117s<\/p>\n<ul>\n<li><strong>Gamintojas:<\/strong> Ferodo<\/li>\n<li><strong>Kategorija:<\/strong> Dalys &gt; Stabd\u017eiai &gt; Stabd\u017ei\u0173 kalad\u0117l\u0117s &gt; Kalad\u0117l\u0117s &gt; Priekis<\/li>\n<li><strong>EAN:<\/strong> 4044197981274<\/li>\n<li><strong>Tiek\u0117jo kodas:<\/strong> 2982709<\/li>\n<li><strong>U\u017esakymas:<\/strong> prek\u0117 tiekiama pagal u\u017esakym\u0105, tod\u0117l rodoma kaip i\u0161ankstinis u\u017esakymas.<\/li>\n<\/ul>\n<p><a href=\"https:\/\/customer-reports.gmoto.pl\/image\/2982709\/17_1?sig=db2c5536b9591d2862b358a85f4a6fa8bc963a94e7128e1510dac14267d25104\" target=\"_blank\" rel=\"noopener\">Per\u017ei\u016br\u0117ti tiek\u0117jo nuotrauk\u0105<\/a><\/p>\n","protected":false},"excerpt":{"rendered":"<p>Ferodo Road Offroad Eco Friction stabd\u017ei\u0173 trinkel\u0117s U\u017esakoma pagal tiek\u0117j\u0105.<\/p>\n","protected":false},"featured_media":1597,"comment_status":"open","ping_status":"closed","template":"","meta":[],"product_brand":[],"product_cat":[716],"product_tag":[80],"class_list":{"0":"post-1036","1":"product","2":"type-product","3":"status-publish","4":"has-post-thumbnail","6":"product_cat-stabdziu-kaladeles-stabdziu-sistemos-dalys","7":"product_tag-ferodo","9":"first","10":"onbackorder","11":"sale","12":"shipping-taxable","13":"purchasable","14":"product-type-simple"},"_links":{"self":[{"href":"https:\/\/ironmoto.lt\/store\/wp-json\/wp\/v2\/product\/1036","targetHints":{"allow":["GET"]}}],"collection":[{"href":"https:\/\/ironmoto.lt\/store\/wp-json\/wp\/v2\/product"}],"about":[{"href":"https:\/\/ironmoto.lt\/store\/wp-json\/wp\/v2\/types\/product"}],"replies":[{"embeddable":true,"href":"https:\/\/ironmoto.lt\/store\/wp-json\/wp\/v2\/comments?post=1036"}],"wp:featuredmedia":[{"embeddable":true,"href":"https:\/\/ironmoto.lt\/store\/wp-json\/wp\/v2\/media\/1597"}],"wp:attachment":[{"href":"https:\/\/ironmoto.lt\/store\/wp-json\/wp\/v2\/media?parent=1036"}],"wp:term":[{"taxonomy":"product_brand","embeddable":true,"href":"https:\/\/ironmoto.lt\/store\/wp-json\/wp\/v2\/product_brand?post=1036"},{"taxonomy":"product_cat","embeddable":true,"href":"https:\/\/ironmoto.lt\/store\/wp-json\/wp\/v2\/product_cat?post=1036"},{"taxonomy":"product_tag","embeddable":true,"href":"https:\/\/ironmoto.lt\/store\/wp-json\/wp\/v2\/product_tag?post=1036"}],"curies":[{"name":"wp","href":"https:\/\/api.w.org\/{rel}","templated":true}]}}